{"id":5234,"date":"2024-05-09T18:58:17","date_gmt":"2024-05-09T16:58:17","guid":{"rendered":"https:\/\/www.22beans.at\/?post_type=product&#038;p=5234"},"modified":"2025-11-27T22:16:30","modified_gmt":"2025-11-27T21:16:30","slug":"chicha-panama-gesha-carbonic-maceration-cup-score-905","status":"publish","type":"product","link":"https:\/\/www.22beans.at\/?product=chicha-panama-gesha-carbonic-maceration-cup-score-905","title":{"rendered":"Chicha &#8211; Panama Geisha Carbonic Maceration &#8211; Cup Score 90,5"},"content":{"rendered":"<p>[et_pb_section fb_built=&#8220;1&#8243; _builder_version=&#8220;4.16&#8243; background_enable_image=&#8220;off&#8220; custom_padding=&#8220;0px||||false|false&#8220; global_colors_info=&#8220;{}&#8220;][et_pb_row _builder_version=&#8220;4.16&#8243; background_size=&#8220;initial&#8220; background_position=&#8220;top_left&#8220; background_repeat=&#8220;repeat&#8220; width=&#8220;100%&#8220; custom_padding=&#8220;0px||0px||false|false&#8220; global_colors_info=&#8220;{}&#8220;][et_pb_column type=&#8220;4_4&#8243; _builder_version=&#8220;4.16&#8243; custom_padding=&#8220;|||&#8220; global_colors_info=&#8220;{}&#8220; custom_padding__hover=&#8220;|||&#8220;][et_pb_wc_breadcrumb _builder_version=&#8220;4.16&#8243; global_colors_info=&#8220;{}&#8220;][\/et_pb_wc_breadcrumb][et_pb_wc_cart_notice _builder_version=&#8220;4.16&#8243; global_colors_info=&#8220;{}&#8220;][\/et_pb_wc_cart_notice][\/et_pb_column][\/et_pb_row][et_pb_row column_structure=&#8220;1_2,1_2&#8243; _builder_version=&#8220;4.16&#8243; background_size=&#8220;initial&#8220; background_position=&#8220;top_left&#8220; background_repeat=&#8220;repeat&#8220; width=&#8220;100%&#8220; custom_padding=&#8220;0px||||false|false&#8220; global_colors_info=&#8220;{}&#8220;][et_pb_column type=&#8220;1_2&#8243; _builder_version=&#8220;4.16&#8243; custom_padding=&#8220;|||&#8220; global_colors_info=&#8220;{}&#8220; custom_padding__hover=&#8220;|||&#8220;][et_pb_wc_images _builder_version=&#8220;4.16&#8243; global_colors_info=&#8220;{}&#8220;][\/et_pb_wc_images][\/et_pb_column][et_pb_column type=&#8220;1_2&#8243; _builder_version=&#8220;4.16&#8243; custom_padding=&#8220;|||&#8220; global_colors_info=&#8220;{}&#8220; custom_padding__hover=&#8220;|||&#8220;][et_pb_wc_title _builder_version=&#8220;4.16&#8243; global_colors_info=&#8220;{}&#8220;][\/et_pb_wc_title][et_pb_wc_rating _builder_version=&#8220;4.16&#8243; global_colors_info=&#8220;{}&#8220;][\/et_pb_wc_rating][et_pb_wc_price _builder_version=&#8220;4.16&#8243; global_colors_info=&#8220;{}&#8220;][\/et_pb_wc_price][et_pb_wc_description _builder_version=&#8220;4.16&#8243; global_colors_info=&#8220;{}&#8220;][\/et_pb_wc_description][et_pb_wc_add_to_cart _builder_version=&#8220;4.16&#8243; global_colors_info=&#8220;{}&#8220;][\/et_pb_wc_add_to_cart][et_pb_wc_meta _builder_version=&#8220;4.16&#8243; global_colors_info=&#8220;{}&#8220;][\/et_pb_wc_meta][\/et_pb_column][\/et_pb_row][et_pb_row _builder_version=&#8220;4.16&#8243; background_size=&#8220;initial&#8220; background_position=&#8220;top_left&#8220; background_repeat=&#8220;repeat&#8220; width=&#8220;100%&#8220; global_colors_info=&#8220;{}&#8220;][et_pb_column type=&#8220;4_4&#8243; _builder_version=&#8220;4.16&#8243; custom_padding=&#8220;|||&#8220; global_colors_info=&#8220;{}&#8220; custom_padding__hover=&#8220;|||&#8220;][et_pb_wc_tabs _builder_version=&#8220;4.16&#8243; global_colors_info=&#8220;{}&#8220;] [\/et_pb_wc_tabs][et_pb_wc_upsells _builder_version=&#8220;4.16&#8243; global_colors_info=&#8220;{}&#8220;][\/et_pb_wc_upsells][et_pb_wc_related_products _builder_version=&#8220;4.16&#8243; global_colors_info=&#8220;{}&#8220;][\/et_pb_wc_related_products][\/et_pb_column][\/et_pb_row][\/et_pb_section]<\/p>\n","protected":false},"excerpt":{"rendered":"<p>Im J\u00e4nner 2024 haben wir Stefan M\u00fcllers Finca Don Benjie in Boquete in Panama besucht. Das Mikroklima dort ist einzigartig; Abendlicher Spr\u00fchnebel, k\u00fchle N\u00e4chte und warme, sonnige Tage. Kaffeepflanzen werden sortenrein in einer optimalen Umgebung im Schatten gr\u00f6\u00dferer B\u00e4ume gezogen, am Reifeh\u00f6hepunkt selektiv und nat\u00fcrlich h\u00e4ndisch geerntet und dann unter perfekt kontrollierten Bedingungen aufbereitet und getrocknet. Einer der Topstars von Finca Don Benjie ist nat\u00fcrlich die Geisha Variet\u00e4t, die im Edelstahltank in Kohlendioxydumgebung zu maximaler Fruchtigkeit entwickelt wird.<\/p>\n<p>Das Ergebnis ist ein Kaffee in Wettkampfqualit\u00e4t mit einem Cup Score von \u00fcber 90. F\u00fcr Liebhaber fruchtiger Kaffees f\u00fcr die Zubereitung mit Handfilter oder Aeropress. Oder f\u00fcr echte Profis mit der Siebtr\u00e4germaschine.<\/p>\n","protected":false},"featured_media":5465,"comment_status":"open","ping_status":"closed","template":"","meta":{"_et_pb_use_builder":"on","_et_pb_old_content":"&nbsp;\r\n<table>\r\n<tbody>\r\n<tr>\r\n<td>Herkunft:<\/td>\r\n<td>Boquete, Panama<\/td>\r\n<\/tr>\r\n<tr>\r\n<td>Produzent:<\/td>\r\n<td>Stefan M\u00fcller, Finca Don Benjie<\/td>\r\n<\/tr>\r\n<tr>\r\n<td>Variet\u00e4t:<\/td>\r\n<td>Geisha<\/td>\r\n<\/tr>\r\n<tr>\r\n<td>Fermentation:<\/td>\r\n<td>Carbonic Maceration Natural<\/td>\r\n<\/tr>\r\n<tr>\r\n<td>Cup\u00a0Score:<\/td>\r\n<td>90,5<\/td>\r\n<\/tr>\r\n<tr>\r\n<td>Taste\u00a0Notes:<\/td>\r\n<td>Banane, Guave, Marille, Heidelbeer, Orange, Funk<\/td>\r\n<\/tr>\r\n<\/tbody>\r\n<\/table>","_et_gb_content_width":""},"product_brand":[],"product_cat":[66,36],"product_tag":[62,84,97,83,48,51],"class_list":{"0":"post-5234","1":"product","2":"type-product","3":"status-publish","4":"has-post-thumbnail","6":"product_cat-22beans","7":"product_cat-kaffee","8":"product_tag-anaerobic","9":"product_tag-carbonic","10":"product_tag-carbonic-maceration","11":"product_tag-gesha","12":"product_tag-natural","13":"product_tag-panama","15":"first","16":"instock","17":"taxable","18":"shipping-taxable","19":"purchasable","20":"product-type-simple"},"_links":{"self":[{"href":"https:\/\/www.22beans.at\/index.php?rest_route=\/wp\/v2\/product\/5234","targetHints":{"allow":["GET"]}}],"collection":[{"href":"https:\/\/www.22beans.at\/index.php?rest_route=\/wp\/v2\/product"}],"about":[{"href":"https:\/\/www.22beans.at\/index.php?rest_route=\/wp\/v2\/types\/product"}],"replies":[{"embeddable":true,"href":"https:\/\/www.22beans.at\/index.php?rest_route=%2Fwp%2Fv2%2Fcomments&post=5234"}],"wp:featuredmedia":[{"embeddable":true,"href":"https:\/\/www.22beans.at\/index.php?rest_route=\/wp\/v2\/media\/5465"}],"wp:attachment":[{"href":"https:\/\/www.22beans.at\/index.php?rest_route=%2Fwp%2Fv2%2Fmedia&parent=5234"}],"wp:term":[{"taxonomy":"product_brand","embeddable":true,"href":"https:\/\/www.22beans.at\/index.php?rest_route=%2Fwp%2Fv2%2Fproduct_brand&post=5234"},{"taxonomy":"product_cat","embeddable":true,"href":"https:\/\/www.22beans.at\/index.php?rest_route=%2Fwp%2Fv2%2Fproduct_cat&post=5234"},{"taxonomy":"product_tag","embeddable":true,"href":"https:\/\/www.22beans.at\/index.php?rest_route=%2Fwp%2Fv2%2Fproduct_tag&post=5234"}],"curies":[{"name":"wp","href":"https:\/\/api.w.org\/{rel}","templated":true}]}}