{"id":5041,"date":"2023-06-14T15:11:55","date_gmt":"2023-06-14T13:11:55","guid":{"rendered":"https:\/\/www.22beans.at\/?post_type=product&#038;p=5041"},"modified":"2026-02-06T10:44:27","modified_gmt":"2026-02-06T09:44:27","slug":"the-punch-peru-washed-cup-score-86","status":"publish","type":"product","link":"https:\/\/www.22beans.at\/?product=the-punch-peru-washed-cup-score-86","title":{"rendered":"the Punch &#8211; Peru Washed &#8211; Cup Score 86"},"content":{"rendered":"<p>[et_pb_section fb_built=&#8220;1&#8243; _builder_version=&#8220;4.24.2&#8243; background_color=&#8220;#ffffff&#8220; background_enable_image=&#8220;off&#8220; custom_padding=&#8220;0px||||false|false&#8220; global_colors_info=&#8220;{}&#8220;][et_pb_row _builder_version=&#8220;4.16&#8243; background_color=&#8220;#ffffff&#8220; background_size=&#8220;initial&#8220; background_position=&#8220;top_left&#8220; background_repeat=&#8220;repeat&#8220; width=&#8220;100%&#8220; custom_padding=&#8220;0px||0px||false|false&#8220; global_colors_info=&#8220;{}&#8220;][et_pb_column type=&#8220;4_4&#8243; _builder_version=&#8220;4.16&#8243; custom_padding=&#8220;|||&#8220; global_colors_info=&#8220;{}&#8220; custom_padding__hover=&#8220;|||&#8220;][et_pb_wc_breadcrumb _builder_version=&#8220;4.16&#8243; global_colors_info=&#8220;{}&#8220;][\/et_pb_wc_breadcrumb][et_pb_wc_cart_notice _builder_version=&#8220;4.16&#8243; global_colors_info=&#8220;{}&#8220;][\/et_pb_wc_cart_notice][\/et_pb_column][\/et_pb_row][et_pb_row column_structure=&#8220;1_2,1_2&#8243; _builder_version=&#8220;4.24.2&#8243; background_color=&#8220;#ffffff&#8220; background_size=&#8220;initial&#8220; background_position=&#8220;top_left&#8220; background_repeat=&#8220;repeat&#8220; width=&#8220;100%&#8220; custom_padding=&#8220;0px||||false|false&#8220; global_colors_info=&#8220;{}&#8220;][et_pb_column type=&#8220;1_2&#8243; _builder_version=&#8220;4.16&#8243; custom_padding=&#8220;|||&#8220; global_colors_info=&#8220;{}&#8220; custom_padding__hover=&#8220;|||&#8220;][et_pb_wc_images _builder_version=&#8220;4.16&#8243; global_colors_info=&#8220;{}&#8220;][\/et_pb_wc_images][\/et_pb_column][et_pb_column type=&#8220;1_2&#8243; _builder_version=&#8220;4.16&#8243; custom_padding=&#8220;|||&#8220; global_colors_info=&#8220;{}&#8220; custom_padding__hover=&#8220;|||&#8220;][et_pb_wc_title _builder_version=&#8220;4.16&#8243; global_colors_info=&#8220;{}&#8220;][\/et_pb_wc_title][et_pb_wc_rating _builder_version=&#8220;4.16&#8243; global_colors_info=&#8220;{}&#8220;][\/et_pb_wc_rating][et_pb_wc_price _builder_version=&#8220;4.16&#8243; global_colors_info=&#8220;{}&#8220;][\/et_pb_wc_price][et_pb_wc_description _builder_version=&#8220;4.16&#8243; global_colors_info=&#8220;{}&#8220;][\/et_pb_wc_description][et_pb_wc_add_to_cart _builder_version=&#8220;4.16&#8243; global_colors_info=&#8220;{}&#8220;][\/et_pb_wc_add_to_cart][et_pb_wc_meta _builder_version=&#8220;4.16&#8243; global_colors_info=&#8220;{}&#8220;][\/et_pb_wc_meta][\/et_pb_column][\/et_pb_row][et_pb_row _builder_version=&#8220;4.16&#8243; background_color=&#8220;#ffffff&#8220; background_size=&#8220;initial&#8220; background_position=&#8220;top_left&#8220; background_repeat=&#8220;repeat&#8220; width=&#8220;100%&#8220; background_last_edited=&#8220;on|phone&#8220; global_colors_info=&#8220;{}&#8220;][et_pb_column type=&#8220;4_4&#8243; _builder_version=&#8220;4.16&#8243; custom_padding=&#8220;|||&#8220; global_colors_info=&#8220;{}&#8220; custom_padding__hover=&#8220;|||&#8220;][et_pb_wc_tabs _builder_version=&#8220;4.16&#8243; global_colors_info=&#8220;{}&#8220;] [\/et_pb_wc_tabs][et_pb_wc_upsells _builder_version=&#8220;4.16&#8243; global_colors_info=&#8220;{}&#8220;][\/et_pb_wc_upsells][et_pb_wc_related_products _builder_version=&#8220;4.16&#8243; global_colors_info=&#8220;{}&#8220;][\/et_pb_wc_related_products][\/et_pb_column][\/et_pb_row][\/et_pb_section]<\/p>\n","protected":false},"excerpt":{"rendered":"<p><em>The Punch <\/em>kommt <span class=\"HwtZe\" lang=\"de\"><span class=\"jCAhz ChMk0b\"><span class=\"ryNqvb\">aus dem Lonya Grande District der Amazonas Region Perus. <\/span><\/span><span class=\"jCAhz ChMk0b\"><span class=\"ryNqvb\">Vermarktet wird er von Gotcha Coffee, einer Genossenschaft, die von einer Gruppe junger Universit\u00e4tsstudenten, Kinder kleiner Produzenten, mit dem Ziel gegr\u00fcndet wurde, eine kontinuierliche Verbesserung der Qualit\u00e4t des Kaffees zu erzielen und damit kaffeeproduzierende Familien zu f\u00f6rdern. Derzeit nehmen mehr als 470 Familien an diesem Projekt teil.<\/span><\/span><\/span><\/p>\n<p>Dieser Kaffee hat zwar eine schokoladig-karamellige Basis, <span class=\"HwtZe\" lang=\"de\"><span class=\"jCAhz ChMk0b\"><span class=\"ryNqvb\">zeichnet sich durch deutlich fruchtige Noten aus, die an gelbe Fr\u00fcchte und Litschi erinnern.<\/span><\/span><\/span><\/p>\n","protected":false},"featured_media":5466,"comment_status":"open","ping_status":"closed","template":"","meta":{"_et_pb_use_builder":"on","_et_pb_old_content":"<table>\r\n<tbody>\r\n<tr>\r\n<td style=\"width: 86.35px\">Herkunft:<\/td>\r\n<td style=\"width: 314px\">Lonya, Amazonas, Peru<\/td>\r\n<\/tr>\r\n<tr>\r\n<td style=\"width: 86.35px\">Produzent:<\/td>\r\n<td style=\"width: 314px\">Gotcha Cooperative<\/td>\r\n<\/tr>\r\n<tr>\r\n<td style=\"width: 86.35px\">Variet\u00e4t:<\/td>\r\n<td style=\"width: 314px\">Pache, Caturra, Typica<\/td>\r\n<\/tr>\r\n<tr>\r\n<td style=\"width: 86.35px\">Fermentation:<\/td>\r\n<td style=\"width: 314px\">Washed<\/td>\r\n<\/tr>\r\n<tr>\r\n<td style=\"width: 86.35px\">Cup Score:<\/td>\r\n<td style=\"width: 314px\">86<\/td>\r\n<\/tr>\r\n<tr>\r\n<td style=\"width: 86.35px\">Taste Notes:<\/td>\r\n<td style=\"width: 314px\">Schokolade, Karamell, gelbe Fr\u00fcchte, Litschi<\/td>\r\n<\/tr>\r\n<\/tbody>\r\n<\/table>","_et_gb_content_width":""},"product_brand":[],"product_cat":[66,36],"product_tag":[82,79,86,80,81,44],"class_list":{"0":"post-5041","1":"product","2":"type-product","3":"status-publish","4":"has-post-thumbnail","6":"product_cat-22beans","7":"product_cat-kaffee","8":"product_tag-batian","9":"product_tag-kenya","10":"product_tag-ruiru-11","11":"product_tag-sl28","12":"product_tag-sl34","13":"product_tag-washed","15":"first","16":"instock","17":"taxable","18":"shipping-taxable","19":"purchasable","20":"product-type-variable","21":"has-default-attributes"},"_links":{"self":[{"href":"https:\/\/www.22beans.at\/index.php?rest_route=\/wp\/v2\/product\/5041","targetHints":{"allow":["GET"]}}],"collection":[{"href":"https:\/\/www.22beans.at\/index.php?rest_route=\/wp\/v2\/product"}],"about":[{"href":"https:\/\/www.22beans.at\/index.php?rest_route=\/wp\/v2\/types\/product"}],"replies":[{"embeddable":true,"href":"https:\/\/www.22beans.at\/index.php?rest_route=%2Fwp%2Fv2%2Fcomments&post=5041"}],"wp:featuredmedia":[{"embeddable":true,"href":"https:\/\/www.22beans.at\/index.php?rest_route=\/wp\/v2\/media\/5466"}],"wp:attachment":[{"href":"https:\/\/www.22beans.at\/index.php?rest_route=%2Fwp%2Fv2%2Fmedia&parent=5041"}],"wp:term":[{"taxonomy":"product_brand","embeddable":true,"href":"https:\/\/www.22beans.at\/index.php?rest_route=%2Fwp%2Fv2%2Fproduct_brand&post=5041"},{"taxonomy":"product_cat","embeddable":true,"href":"https:\/\/www.22beans.at\/index.php?rest_route=%2Fwp%2Fv2%2Fproduct_cat&post=5041"},{"taxonomy":"product_tag","embeddable":true,"href":"https:\/\/www.22beans.at\/index.php?rest_route=%2Fwp%2Fv2%2Fproduct_tag&post=5041"}],"curies":[{"name":"wp","href":"https:\/\/api.w.org\/{rel}","templated":true}]}}