{"id":4512,"date":"2020-09-29T12:19:04","date_gmt":"2020-09-29T10:19:04","guid":{"rendered":"https:\/\/www.22beans.at\/?post_type=product&#038;p=4512"},"modified":"2025-11-27T22:13:06","modified_gmt":"2025-11-27T21:13:06","slug":"the-kick","status":"publish","type":"product","link":"https:\/\/www.22beans.at\/?product=the-kick","title":{"rendered":"the Kick &#8211; Kenya Washed &#8211; Cup Score 86.75"},"content":{"rendered":"<p>[et_pb_section fb_built=&#8220;1&#8243; _builder_version=&#8220;4.16&#8243; background_color=&#8220;#ffffff&#8220; custom_padding=&#8220;0px||||false|false&#8220; global_colors_info=&#8220;{}&#8220;][et_pb_row _builder_version=&#8220;4.16&#8243; background_color=&#8220;#ffffff&#8220; background_size=&#8220;initial&#8220; background_position=&#8220;top_left&#8220; background_repeat=&#8220;repeat&#8220; width=&#8220;100%&#8220; custom_padding=&#8220;0px||0px||false|false&#8220; global_colors_info=&#8220;{}&#8220;][et_pb_column type=&#8220;4_4&#8243; _builder_version=&#8220;4.16&#8243; custom_padding=&#8220;|||&#8220; global_colors_info=&#8220;{}&#8220; custom_padding__hover=&#8220;|||&#8220;][et_pb_wc_breadcrumb _builder_version=&#8220;4.16&#8243; global_colors_info=&#8220;{}&#8220;][\/et_pb_wc_breadcrumb][et_pb_wc_cart_notice _builder_version=&#8220;4.16&#8243; global_colors_info=&#8220;{}&#8220;][\/et_pb_wc_cart_notice][\/et_pb_column][\/et_pb_row][et_pb_row column_structure=&#8220;1_2,1_2&#8243; _builder_version=&#8220;4.16&#8243; background_color=&#8220;#ffffff&#8220; background_size=&#8220;initial&#8220; background_position=&#8220;top_left&#8220; background_repeat=&#8220;repeat&#8220; width=&#8220;100%&#8220; custom_padding=&#8220;0px||||false|false&#8220; global_colors_info=&#8220;{}&#8220;][et_pb_column type=&#8220;1_2&#8243; _builder_version=&#8220;4.16&#8243; custom_padding=&#8220;|||&#8220; global_colors_info=&#8220;{}&#8220; custom_padding__hover=&#8220;|||&#8220;][et_pb_wc_images _builder_version=&#8220;4.16&#8243; global_colors_info=&#8220;{}&#8220;][\/et_pb_wc_images][\/et_pb_column][et_pb_column type=&#8220;1_2&#8243; _builder_version=&#8220;4.16&#8243; custom_padding=&#8220;|||&#8220; global_colors_info=&#8220;{}&#8220; custom_padding__hover=&#8220;|||&#8220;][et_pb_wc_title _builder_version=&#8220;4.16&#8243; global_colors_info=&#8220;{}&#8220;][\/et_pb_wc_title][et_pb_wc_rating _builder_version=&#8220;4.16&#8243; global_colors_info=&#8220;{}&#8220;][\/et_pb_wc_rating][et_pb_wc_price _builder_version=&#8220;4.16&#8243; global_colors_info=&#8220;{}&#8220;][\/et_pb_wc_price][et_pb_wc_description _builder_version=&#8220;4.16&#8243; global_colors_info=&#8220;{}&#8220;][\/et_pb_wc_description][et_pb_wc_add_to_cart _builder_version=&#8220;4.16&#8243; global_colors_info=&#8220;{}&#8220;][\/et_pb_wc_add_to_cart][et_pb_wc_meta _builder_version=&#8220;4.16&#8243; global_colors_info=&#8220;{}&#8220;][\/et_pb_wc_meta][\/et_pb_column][\/et_pb_row][et_pb_row _builder_version=&#8220;4.16&#8243; background_color=&#8220;#ffffff&#8220; background_size=&#8220;initial&#8220; background_position=&#8220;top_left&#8220; background_repeat=&#8220;repeat&#8220; width=&#8220;100%&#8220; background_last_edited=&#8220;on|phone&#8220; global_colors_info=&#8220;{}&#8220;][et_pb_column type=&#8220;4_4&#8243; _builder_version=&#8220;4.16&#8243; custom_padding=&#8220;|||&#8220; global_colors_info=&#8220;{}&#8220; custom_padding__hover=&#8220;|||&#8220;][et_pb_wc_tabs _builder_version=&#8220;4.16&#8243; global_colors_info=&#8220;{}&#8220;]\t\t\t\t\t[\/et_pb_wc_tabs][et_pb_wc_upsells _builder_version=&#8220;4.16&#8243; global_colors_info=&#8220;{}&#8220;][\/et_pb_wc_upsells][et_pb_wc_related_products _builder_version=&#8220;4.16&#8243; global_colors_info=&#8220;{}&#8220;][\/et_pb_wc_related_products][\/et_pb_column][\/et_pb_row][\/et_pb_section]<\/p>\n","protected":false},"excerpt":{"rendered":"<p><em>The Kick<\/em> kommt aus der Region Embu, einer Region im S\u00fcdosten des Mount Kenya.Die fruchtbare vulkanische Erde und das einzigartige Mikroklima bieten perfekte Bedingungen f\u00fcr den Anbau von Kaffees h\u00f6chster Qualit\u00e4t. Die Kaffeekirschen werden am Tag ihrer Ernte handsortiert und die Kaffeebohnen ausgel\u00f6st. \u00dcber Nacht erfolgt eine Fermentierung im Tank, anschlie\u00dfend werden die Kaffeebohnen gewaschen und dann auf African Raised Beds f\u00fcr 15 bis 20 Tage getrocknet. Das Ergebnis sind fruchtige, saftige Kaffees mit mittelkr\u00e4ftigem K\u00f6rper.<\/p>\n<p>Wir empfehlen diesen Kaffee in der Standardr\u00f6stung f\u00fcr French Press und Filterkaffee, oder als helle R\u00f6stung f\u00fcr Pour Over und Aeropress.<\/p>\n","protected":false},"featured_media":5408,"comment_status":"open","ping_status":"closed","template":"","meta":{"_et_pb_use_builder":"on","_et_pb_old_content":"<table style=\"height: 138px\">\r\n<tbody>\r\n<tr style=\"height: 23px\">\r\n<td style=\"height: 23px;width: 88px\">Herkunft:<\/td>\r\n<td style=\"height: 23px;width: 302px\">Embu, Kenya<\/td>\r\n<\/tr>\r\n<tr style=\"height: 23px\">\r\n<td style=\"height: 23px;width: 88px\">Produzent:<\/td>\r\n<td style=\"height: 23px;width: 302px\">Gakundu Coffee Factory<\/td>\r\n<\/tr>\r\n<tr style=\"height: 23px\">\r\n<td style=\"height: 23px;width: 88px\">Variet\u00e4t:<\/td>\r\n<td style=\"height: 23px;width: 302px\">SL-28, Batian, SL-34, Ruiru-11<\/td>\r\n<\/tr>\r\n<tr style=\"height: 23px\">\r\n<td style=\"height: 23px;width: 88px\">Fermentation:<\/td>\r\n<td style=\"height: 23px;width: 302px\">Washed<\/td>\r\n<\/tr>\r\n<tr style=\"height: 23px\">\r\n<td style=\"height: 23px;width: 88px\">Cup Score:<\/td>\r\n<td style=\"height: 23px;width: 302px\">86.75<\/td>\r\n<\/tr>\r\n<tr style=\"height: 23px\">\r\n<td style=\"height: 23px;width: 88px\">Taste Notes:<\/td>\r\n<td style=\"height: 23px;width: 302px\"><span data-sheets-root=\"1\">Juicy, fruchtig und floral. Zitrus, rote Ribisel, Karamell. Langer, sirupartiger Abgang.<\/span><\/td>\r\n<\/tr>\r\n<\/tbody>\r\n<\/table>\r\n&nbsp;","_et_gb_content_width":""},"product_brand":[],"product_cat":[66,36],"product_tag":[82,79,86,80,81,44],"class_list":{"0":"post-4512","1":"product","2":"type-product","3":"status-publish","4":"has-post-thumbnail","6":"product_cat-22beans","7":"product_cat-kaffee","8":"product_tag-batian","9":"product_tag-kenya","10":"product_tag-ruiru-11","11":"product_tag-sl28","12":"product_tag-sl34","13":"product_tag-washed","15":"first","16":"instock","17":"taxable","18":"shipping-taxable","19":"purchasable","20":"product-type-variable","21":"has-default-attributes"},"_links":{"self":[{"href":"https:\/\/www.22beans.at\/index.php?rest_route=\/wp\/v2\/product\/4512","targetHints":{"allow":["GET"]}}],"collection":[{"href":"https:\/\/www.22beans.at\/index.php?rest_route=\/wp\/v2\/product"}],"about":[{"href":"https:\/\/www.22beans.at\/index.php?rest_route=\/wp\/v2\/types\/product"}],"replies":[{"embeddable":true,"href":"https:\/\/www.22beans.at\/index.php?rest_route=%2Fwp%2Fv2%2Fcomments&post=4512"}],"wp:featuredmedia":[{"embeddable":true,"href":"https:\/\/www.22beans.at\/index.php?rest_route=\/wp\/v2\/media\/5408"}],"wp:attachment":[{"href":"https:\/\/www.22beans.at\/index.php?rest_route=%2Fwp%2Fv2%2Fmedia&parent=4512"}],"wp:term":[{"taxonomy":"product_brand","embeddable":true,"href":"https:\/\/www.22beans.at\/index.php?rest_route=%2Fwp%2Fv2%2Fproduct_brand&post=4512"},{"taxonomy":"product_cat","embeddable":true,"href":"https:\/\/www.22beans.at\/index.php?rest_route=%2Fwp%2Fv2%2Fproduct_cat&post=4512"},{"taxonomy":"product_tag","embeddable":true,"href":"https:\/\/www.22beans.at\/index.php?rest_route=%2Fwp%2Fv2%2Fproduct_tag&post=4512"}],"curies":[{"name":"wp","href":"https:\/\/api.w.org\/{rel}","templated":true}]}}