{"id":133,"date":"2020-03-29T09:05:02","date_gmt":"2020-03-29T07:05:02","guid":{"rendered":"https:\/\/www.22beans.at\/?post_type=product&#038;p=133"},"modified":"2025-11-27T22:09:18","modified_gmt":"2025-11-27T21:09:18","slug":"the-blizz","status":"publish","type":"product","link":"https:\/\/www.22beans.at\/?product=the-blizz","title":{"rendered":"the Blizz &#8211; Rwanda Washed &#8211; Cup Score 86.75"},"content":{"rendered":"<p>[et_pb_section fb_built=&#8220;1&#8243; _builder_version=&#8220;4.16&#8243; background_color=&#8220;#ffffff&#8220; background_enable_image=&#8220;off&#8220; global_colors_info=&#8220;{}&#8220;][et_pb_row _builder_version=&#8220;4.16&#8243; background_size=&#8220;initial&#8220; background_position=&#8220;top_left&#8220; background_repeat=&#8220;repeat&#8220; width=&#8220;100%&#8220; custom_padding=&#8220;0px||0px||false|false&#8220; global_colors_info=&#8220;{}&#8220;][et_pb_column type=&#8220;4_4&#8243; _builder_version=&#8220;4.16&#8243; custom_padding=&#8220;|||&#8220; global_colors_info=&#8220;{}&#8220; custom_padding__hover=&#8220;|||&#8220;][et_pb_wc_breadcrumb _builder_version=&#8220;4.16&#8243; global_colors_info=&#8220;{}&#8220;][\/et_pb_wc_breadcrumb][et_pb_wc_cart_notice _builder_version=&#8220;4.16&#8243; title_font=&#8220;Public Sans||||||||&#8220; body_font=&#8220;Public Sans||||||||&#8220; global_colors_info=&#8220;{}&#8220;][\/et_pb_wc_cart_notice][\/et_pb_column][\/et_pb_row][et_pb_row column_structure=&#8220;1_2,1_2&#8243; _builder_version=&#8220;4.16&#8243; background_color=&#8220;rgba(255,255,255,0.7)&#8220; background_size=&#8220;initial&#8220; background_position=&#8220;top_left&#8220; background_repeat=&#8220;repeat&#8220; width=&#8220;100%&#8220; custom_margin=&#8220;||||false|false&#8220; custom_padding=&#8220;||||false|false&#8220; global_colors_info=&#8220;{}&#8220;][et_pb_column type=&#8220;1_2&#8243; _builder_version=&#8220;4.16&#8243; custom_padding=&#8220;|||&#8220; global_colors_info=&#8220;{}&#8220; custom_padding__hover=&#8220;|||&#8220;][et_pb_wc_images _builder_version=&#8220;4.16&#8243; border_width_all=&#8220;10px&#8220; border_color_all=&#8220;#ffffff&#8220; border_width_all_image=&#8220;10px&#8220; border_color_all_image=&#8220;#ffffff&#8220; box_shadow_style=&#8220;preset2&#8243; global_colors_info=&#8220;{}&#8220;][\/et_pb_wc_images][\/et_pb_column][et_pb_column type=&#8220;1_2&#8243; _builder_version=&#8220;4.16&#8243; custom_padding=&#8220;|||&#8220; global_colors_info=&#8220;{}&#8220; custom_padding__hover=&#8220;|||&#8220;][et_pb_wc_title _builder_version=&#8220;4.16&#8243; header_font=&#8220;Public Sans|600|||||||&#8220; header_letter_spacing=&#8220;-1px&#8220; global_colors_info=&#8220;{}&#8220;][\/et_pb_wc_title][et_pb_wc_rating _builder_version=&#8220;4.16&#8243; global_colors_info=&#8220;{}&#8220;][\/et_pb_wc_rating][et_pb_wc_price _builder_version=&#8220;4.16&#8243; body_font=&#8220;Public Sans|700|||||||&#8220; body_text_color=&#8220;#000000&#8243; global_colors_info=&#8220;{}&#8220;][\/et_pb_wc_price][et_pb_wc_description _builder_version=&#8220;4.16&#8243; body_font=&#8220;Public Sans|600|||||||&#8220; body_text_color=&#8220;#000000&#8243; global_colors_info=&#8220;{}&#8220;][\/et_pb_wc_description][et_pb_wc_add_to_cart _builder_version=&#8220;4.16&#8243; field_label_font=&#8220;Public Sans|600|||||||&#8220; field_label_text_color=&#8220;#000000&#8243; field_label_font_size=&#8220;16px&#8220; field_label_text_shadow_style=&#8220;preset2&#8243; field_label_text_shadow_horizontal_length=&#8220;0em&#8220; field_label_text_shadow_vertical_length=&#8220;0em&#8220; field_label_text_shadow_blur_strength=&#8220;0em&#8220; body_font=&#8220;Public Sans|600|||||||&#8220; body_text_color=&#8220;#000000&#8243; body_font_size=&#8220;16px&#8220; body_text_shadow_style=&#8220;preset2&#8243; global_colors_info=&#8220;{}&#8220;][\/et_pb_wc_add_to_cart][et_pb_wc_meta _builder_version=&#8220;4.16&#8243; body_font=&#8220;Public Sans||||||||&#8220; body_font_size=&#8220;16px&#8220; global_colors_info=&#8220;{}&#8220;][\/et_pb_wc_meta][\/et_pb_column][\/et_pb_row][et_pb_row _builder_version=&#8220;4.16&#8243; background_size=&#8220;initial&#8220; background_position=&#8220;top_left&#8220; background_repeat=&#8220;repeat&#8220; width=&#8220;100%&#8220; global_colors_info=&#8220;{}&#8220;][et_pb_column type=&#8220;4_4&#8243; _builder_version=&#8220;4.16&#8243; custom_padding=&#8220;|||&#8220; global_colors_info=&#8220;{}&#8220; custom_padding__hover=&#8220;|||&#8220;][et_pb_wc_tabs _builder_version=&#8220;4.16&#8243; body_font=&#8220;Archivo||||||||&#8220; body_line_height=&#8220;1.4em&#8220; background_color=&#8220;rgba(255,255,255,0.7)&#8220; global_colors_info=&#8220;{}&#8220;]\t\t\t\t\t[\/et_pb_wc_tabs][et_pb_wc_upsells _builder_version=&#8220;4.16&#8243; global_colors_info=&#8220;{}&#8220;][\/et_pb_wc_upsells][et_pb_wc_related_products _builder_version=&#8220;4.16&#8243; background_color=&#8220;rgba(255,255,255,0.7)&#8220; custom_padding=&#8220;10px||10px||true|false&#8220; global_colors_info=&#8220;{}&#8220;][\/et_pb_wc_related_products][\/et_pb_column][\/et_pb_row][\/et_pb_section]<\/p>\n","protected":false},"excerpt":{"rendered":"<p><em>The Blizz<\/em> ist unsere afrikanische Fruchtbombe: Unglaublich, welche Intensit\u00e4t an Frucht diese Bohne in die Tasse zaubert. Dabei bleibt die S\u00e4ure balanciert mit ansprechender S\u00fc\u00dfe. Das ist unser Bohne f\u00fcr Liebhaber ausserordentlicher Kaffees mit samtigem K\u00f6rper, sei es in der Siebtr\u00e4germaschine, der Mokkakanne, in der French Press oder als Filterkaffee. Oder als helle R\u00f6stung f\u00fcr Pour Over und Aeropress.<\/p>\n","protected":false},"featured_media":5449,"comment_status":"open","ping_status":"closed","template":"","meta":{"_et_pb_use_builder":"on","_et_pb_old_content":"<table>\r\n<tbody>\r\n<tr>\r\n<td>Herkunft:<\/td>\r\n<td>Nyamasheke, Rwanda<\/td>\r\n<\/tr>\r\n<tr>\r\n<td>Produzent:<\/td>\r\n<td>Gitesi Washing Station<\/td>\r\n<\/tr>\r\n<tr>\r\n<td>Variet\u00e4t:<\/td>\r\n<td>Red Bourbon<\/td>\r\n<\/tr>\r\n<tr>\r\n<td>Fermentation:<\/td>\r\n<td>fully washed<\/td>\r\n<\/tr>\r\n<tr>\r\n<td>Cup Score:<\/td>\r\n<td>86,75<\/td>\r\n<\/tr>\r\n<tr>\r\n<td>Taste Notes:<\/td>\r\n<td>Schwarzer Tee, Cranberry, Zitrone<\/td>\r\n<\/tr>\r\n<\/tbody>\r\n<\/table>\r\n&nbsp;","_et_gb_content_width":""},"product_brand":[],"product_cat":[66,36],"product_tag":[43,89,44],"class_list":{"0":"post-133","1":"product","2":"type-product","3":"status-publish","4":"has-post-thumbnail","6":"product_cat-22beans","7":"product_cat-kaffee","8":"product_tag-bourbon","9":"product_tag-rwanda","10":"product_tag-washed","12":"first","13":"instock","14":"taxable","15":"shipping-taxable","16":"purchasable","17":"product-type-variable","18":"has-default-attributes"},"_links":{"self":[{"href":"https:\/\/www.22beans.at\/index.php?rest_route=\/wp\/v2\/product\/133","targetHints":{"allow":["GET"]}}],"collection":[{"href":"https:\/\/www.22beans.at\/index.php?rest_route=\/wp\/v2\/product"}],"about":[{"href":"https:\/\/www.22beans.at\/index.php?rest_route=\/wp\/v2\/types\/product"}],"replies":[{"embeddable":true,"href":"https:\/\/www.22beans.at\/index.php?rest_route=%2Fwp%2Fv2%2Fcomments&post=133"}],"wp:featuredmedia":[{"embeddable":true,"href":"https:\/\/www.22beans.at\/index.php?rest_route=\/wp\/v2\/media\/5449"}],"wp:attachment":[{"href":"https:\/\/www.22beans.at\/index.php?rest_route=%2Fwp%2Fv2%2Fmedia&parent=133"}],"wp:term":[{"taxonomy":"product_brand","embeddable":true,"href":"https:\/\/www.22beans.at\/index.php?rest_route=%2Fwp%2Fv2%2Fproduct_brand&post=133"},{"taxonomy":"product_cat","embeddable":true,"href":"https:\/\/www.22beans.at\/index.php?rest_route=%2Fwp%2Fv2%2Fproduct_cat&post=133"},{"taxonomy":"product_tag","embeddable":true,"href":"https:\/\/www.22beans.at\/index.php?rest_route=%2Fwp%2Fv2%2Fproduct_tag&post=133"}],"curies":[{"name":"wp","href":"https:\/\/api.w.org\/{rel}","templated":true}]}}