{"id":130,"date":"2020-03-29T08:54:34","date_gmt":"2020-03-29T06:54:34","guid":{"rendered":"https:\/\/www.22beans.at\/?post_type=product&#038;p=130"},"modified":"2026-01-06T17:31:22","modified_gmt":"2026-01-06T16:31:22","slug":"the-drive","status":"publish","type":"product","link":"https:\/\/www.22beans.at\/?product=the-drive","title":{"rendered":"the Drive &#8211; Brazil Natural &#8211; Cup Score 84"},"content":{"rendered":"<table>\n<tbody>\n<tr>\n<td>Herkunft:<\/td>\n<td>Mantiqueira de Minas, Brazil<\/td>\n<\/tr>\n<tr>\n<td>Produzent:<\/td>\n<td>Marcos Ferreira, Fazenda Santana<\/td>\n<\/tr>\n<tr>\n<td>Variet\u00e4t:<\/td>\n<td>Yellow Catuai<\/td>\n<\/tr>\n<tr>\n<td>Fermentation:<\/td>\n<td>natural<\/td>\n<\/tr>\n<tr>\n<td>Cup Score:<\/td>\n<td>84<\/td>\n<\/tr>\n<tr>\n<td>Taste Notes:<\/td>\n<td>Ger\u00f6stete Haseln\u00fcsse \/ Schokolade \/ Nougat<\/td>\n<\/tr>\n<\/tbody>\n<\/table>\n<p>&nbsp;<\/p>\n","protected":false},"excerpt":{"rendered":"<p><em>The Drive<\/em> ist klassisch angelegt: ein samtig-schokoladiger Arabica aus Minas Gerais. Ein perfekter Alltagskaffee mit mittlerem K\u00f6rper, wunderbarer S\u00fc\u00dfe, harmonisch und ausgewogen. F\u00fcr milky Drinks und pur. F\u00fcr Siebtr\u00e4germaschine, Mokkakanne und Vollautomat. Und f\u00fcr Liebhaber klassischer Filterkaffees.<br \/>\nDie helle R\u00f6stung kommt mit sanften Fruchtnoten und erinnert an Haselnussganache.<\/p>\n","protected":false},"featured_media":5437,"comment_status":"open","ping_status":"closed","template":"","meta":{"_et_pb_use_builder":"off","_et_pb_old_content":"<div class=\"coffeebox\">\r\n<table>\r\n<tbody>\r\n<tr>\r\n<td>Herkunft:<\/td>\r\n<td>Usulutan, El Salvador<\/td>\r\n<\/tr>\r\n<tr>\r\n<td>Produzent:<\/td>\r\n<td><a href=\"https:\/\/www.youtube.com\/watch?v=Xe3-RjNNWAQ\" target=\"_new\" rel=\"noopener noreferrer\">Gilberto Baraona, Finca Los Pirineos<\/a><\/td>\r\n<\/tr>\r\n<tr>\r\n<td>Variet\u00e4t:<\/td>\r\n<td>Bourbon<\/td>\r\n<\/tr>\r\n<tr>\r\n<td>Fermentation:<\/td>\r\n<td>Honey<\/td>\r\n<\/tr>\r\n<tr>\r\n<td>Cup Score:<\/td>\r\n<td>87<\/td>\r\n<\/tr>\r\n<tr>\r\n<td>Taste Notes:<\/td>\r\n<td>Tropische Fr\u00fcchte \/ Honig \/ Schokolade<\/td>\r\n<\/tr>\r\n<\/tbody>\r\n<\/table>\r\n<\/div>\r\nW\u00e4hrend der Fermentation anhaftende Mucilage tr\u00e4gt zur fruchtig-s\u00fc\u00dfen Aromatik des Kaffees bei. F\u00fcr jede Zubereitungsmethode, von der Siebtr\u00e4germaschine, Mokkakanne und Vollautomat aber auch als klassischer Filterkaffee. Oder als helle R\u00f6stung f\u00fcr Pour Over und Aeropress.","_et_gb_content_width":""},"product_brand":[],"product_cat":[66,36],"product_tag":[95,47,48],"class_list":{"0":"post-130","1":"product","2":"type-product","3":"status-publish","4":"has-post-thumbnail","6":"product_cat-22beans","7":"product_cat-kaffee","8":"product_tag-brazil","9":"product_tag-catuai","10":"product_tag-natural","12":"first","13":"instock","14":"taxable","15":"shipping-taxable","16":"purchasable","17":"product-type-variable","18":"has-default-attributes"},"_links":{"self":[{"href":"https:\/\/www.22beans.at\/index.php?rest_route=\/wp\/v2\/product\/130","targetHints":{"allow":["GET"]}}],"collection":[{"href":"https:\/\/www.22beans.at\/index.php?rest_route=\/wp\/v2\/product"}],"about":[{"href":"https:\/\/www.22beans.at\/index.php?rest_route=\/wp\/v2\/types\/product"}],"replies":[{"embeddable":true,"href":"https:\/\/www.22beans.at\/index.php?rest_route=%2Fwp%2Fv2%2Fcomments&post=130"}],"wp:featuredmedia":[{"embeddable":true,"href":"https:\/\/www.22beans.at\/index.php?rest_route=\/wp\/v2\/media\/5437"}],"wp:attachment":[{"href":"https:\/\/www.22beans.at\/index.php?rest_route=%2Fwp%2Fv2%2Fmedia&parent=130"}],"wp:term":[{"taxonomy":"product_brand","embeddable":true,"href":"https:\/\/www.22beans.at\/index.php?rest_route=%2Fwp%2Fv2%2Fproduct_brand&post=130"},{"taxonomy":"product_cat","embeddable":true,"href":"https:\/\/www.22beans.at\/index.php?rest_route=%2Fwp%2Fv2%2Fproduct_cat&post=130"},{"taxonomy":"product_tag","embeddable":true,"href":"https:\/\/www.22beans.at\/index.php?rest_route=%2Fwp%2Fv2%2Fproduct_tag&post=130"}],"curies":[{"name":"wp","href":"https:\/\/api.w.org\/{rel}","templated":true}]}}