{"id":66,"date":"2020-03-29T05:16:54","date_gmt":"2020-03-29T03:16:54","guid":{"rendered":""},"modified":"2022-07-23T19:22:30","modified_gmt":"2022-07-23T17:22:30","slug":"versandarten","status":"publish","type":"page","link":"https:\/\/www.22beans.at\/?page_id=66","title":{"rendered":"Versandarten"},"content":{"rendered":"<p>[et_pb_section fb_built=&#8220;1&#8243; _builder_version=&#8220;4.16&#8243; global_colors_info=&#8220;{}&#8220; custom_padding=&#8220;||0px|||&#8220;][et_pb_row _builder_version=&#8220;4.16&#8243; background_size=&#8220;initial&#8220; background_position=&#8220;top_left&#8220; background_repeat=&#8220;repeat&#8220; global_colors_info=&#8220;{}&#8220;][et_pb_column type=&#8220;4_4&#8243; _builder_version=&#8220;4.16&#8243; custom_padding=&#8220;|||&#8220; global_colors_info=&#8220;{}&#8220; custom_padding__hover=&#8220;|||&#8220;][et_pb_text _builder_version=&#8220;4.16&#8243; link_font=&#8220;Archivo||||||||&#8220; global_colors_info=&#8220;{}&#8220; custom_padding=&#8220;10px|10px|0px|10px|false|false&#8220;]<\/p>\n<h1>Versand<\/h1>\n<p>Wir versenden zur Zeit nur innerhalb \u00d6sterreichs und verrechnen daf\u00fcr Versandkosten von \u20ac 5 pro Bestellung .<\/p>\n<p>&nbsp;<\/p>\n<p>[\/et_pb_text][\/et_pb_column][\/et_pb_row][et_pb_row _builder_version=&#8220;4.16&#8243; custom_padding=&#8220;0px|||||&#8220; global_colors_info=&#8220;{}&#8220; custom_margin=&#8220;|auto|0px|auto||&#8220;][et_pb_column type=&#8220;4_4&#8243; _builder_version=&#8220;4.16&#8243; global_colors_info=&#8220;{}&#8220;][et_pb_text _builder_version=&#8220;4.16&#8243; global_colors_info=&#8220;{}&#8220; custom_padding=&#8220;10px|10px|0px|10px|false|false&#8220;]<\/p>\n<h2>Versandkosten und Lieferzeiten<\/h2>\n<h3><\/h3>\n<p>\u00a0Die \u00dcbergabe an den Versandpartner erfolgt innerhalb von 1-3 Werktagen. Unser Versandpartner, die \u00d6sterreichische Post AG, liefert die Bestellung dann innerhalb von 1-3 Werktagen an deine Wunschadresse in \u00d6sterreich aus. Wir bitten um Verst\u00e4ndnis, dass wir auf die Dauer und den Verlauf der Lieferung, sobald diese an den Versandpartner \u00fcbergeben ist, keinen Einfluss haben.<\/p>\n<p>&nbsp;<\/p>\n<p>[\/et_pb_text][\/et_pb_column][\/et_pb_row][\/et_pb_section]<\/p>\n","protected":false},"excerpt":{"rendered":"<p>Versand Wir versenden zur Zeit nur innerhalb \u00d6sterreichs und verrechnen daf\u00fcr Versandkosten von \u20ac 5 pro Bestellung . &nbsp;Versandkosten und Lieferzeiten \u00a0Die \u00dcbergabe an den Versandpartner erfolgt innerhalb von 1-3 Werktagen. Unser Versandpartner, die \u00d6sterreichische Post AG, liefert die Bestellung dann innerhalb von 1-3 Werktagen an deine Wunschadresse in \u00d6sterreich aus. Wir bitten um Verst\u00e4ndnis, [&hellip;]<\/p>\n","protected":false},"author":1,"featured_media":0,"parent":0,"menu_order":0,"comment_status":"closed","ping_status":"closed","template":"","meta":{"_et_pb_use_builder":"on","_et_pb_old_content":"<!-- wp:paragraph -->\n<p>Wir versenden mit der Post und derzeit nur in \u00d6sterreich. Warum? Weil wir eine sehr kleine (m\u00f6glicherweise die kleinste) R\u00f6sterei sind und daher unsere Kapazit\u00e4t sehr beschr\u00e4nkt ist.  Die Versandkosten betragen \u20ac 5,40. <\/p>\n<!-- \/wp:paragraph -->\n\n<!-- wp:paragraph -->\n<p>In Stadtgebiet von Wiener Neustadt stellen wir kostenlos und ehrlich CO2-neutral mit dem Fahrrad zu.<\/p>\n<!-- \/wp:paragraph -->","_et_gb_content_width":"1080","footnotes":""},"class_list":["post-66","page","type-page","status-publish","hentry"],"_links":{"self":[{"href":"https:\/\/www.22beans.at\/index.php?rest_route=\/wp\/v2\/pages\/66","targetHints":{"allow":["GET"]}}],"collection":[{"href":"https:\/\/www.22beans.at\/index.php?rest_route=\/wp\/v2\/pages"}],"about":[{"href":"https:\/\/www.22beans.at\/index.php?rest_route=\/wp\/v2\/types\/page"}],"author":[{"embeddable":true,"href":"https:\/\/www.22beans.at\/index.php?rest_route=\/wp\/v2\/users\/1"}],"replies":[{"embeddable":true,"href":"https:\/\/www.22beans.at\/index.php?rest_route=%2Fwp%2Fv2%2Fcomments&post=66"}],"version-history":[{"count":14,"href":"https:\/\/www.22beans.at\/index.php?rest_route=\/wp\/v2\/pages\/66\/revisions"}],"predecessor-version":[{"id":4902,"href":"https:\/\/www.22beans.at\/index.php?rest_route=\/wp\/v2\/pages\/66\/revisions\/4902"}],"wp:attachment":[{"href":"https:\/\/www.22beans.at\/index.php?rest_route=%2Fwp%2Fv2%2Fmedia&parent=66"}],"curies":[{"name":"wp","href":"https:\/\/api.w.org\/{rel}","templated":true}]}}