{"id":65,"date":"2020-03-29T05:16:54","date_gmt":"2020-03-29T03:16:54","guid":{"rendered":""},"modified":"2020-04-22T09:50:29","modified_gmt":"2020-04-22T07:50:29","slug":"widerrufsbelehrung","status":"publish","type":"page","link":"https:\/\/www.22beans.at\/?page_id=65","title":{"rendered":"Widerrufsbelehrung"},"content":{"rendered":"<p>[et_pb_section fb_built=&#8220;1&#8243; _builder_version=&#8220;4.4.2&#8243;][et_pb_row _builder_version=&#8220;4.4.2&#8243;][et_pb_column type=&#8220;4_4&#8243; _builder_version=&#8220;4.4.2&#8243;][et_pb_text _builder_version=&#8220;4.4.2&#8243; hover_enabled=&#8220;0&#8243;]<\/p>\n<h1>Widerrufsbelehrung<\/h1>\n<p>[\/et_pb_text][\/et_pb_column][\/et_pb_row][et_pb_row _builder_version=&#8220;4.4.2&#8243; custom_padding=&#8220;17px|||||&#8220;][et_pb_column type=&#8220;4_4&#8243; _builder_version=&#8220;4.4.2&#8243;][et_pb_text _builder_version=&#8220;4.4.3&#8243; hover_enabled=&#8220;0&#8243;]<\/p>\n<h3>Widerrufsrecht \/ R\u00fccktrittsrecht<\/h3>\n<p>Du hast das Recht, binnen vierzehn Tagen ohne Angabe von Gr\u00fcnden diesen Vertrag zu widerrufen. Die Widerrufsfrist betr\u00e4gt vierzehn Tage ab dem Tag, an dem du oder ein von dir benannter Dritter, der nicht der Bef\u00f6rderer ist, die Waren in Besitz genommen haben bzw. hat;<\/p>\n<p>Um dein Widerrufsrecht auszu\u00fcben, musst du uns,<\/p>\n<p>n22 e.U. &#8211; Dr. Dieter H\u00f6nigmann<br \/>Neunkirchner Stra\u00dfe 22<br \/>2700 Wiener Neustadt<br \/>\u00d6sterreich<\/p>\n<p>mittels einer eindeutigen Erkl\u00e4rung (z.B. ein mit der Post versandter Brief, Telefax oder E-Mail) \u00fcber deinen Entschluss, diesen Vertrag zu widerrufen, informieren. Ein entsprechendes Formular findest du am Ende dieser Seite.<\/p>\n<p>Zur Wahrung der Widerrufsfrist reicht es aus, dass du die Mitteilung \u00fcber die Aus\u00fcbung des Widerrufsrechts vor Ablauf der Widerrufsfrist absendest.<\/p>\n<h3>Ausnahmen vom Widerrufsrecht<\/h3>\n<p>Generell ausgenommen sind B2B-Gesch\u00e4fte, also Gesch\u00e4fte zwischen Unternehmern.<br \/>Kein R\u00fccktrittsrecht besteht f\u00fcr auf Kundenwunsch <em>gemahlenen Kaffee <\/em>(Waren, die nach Kundenspezifikation angefertigt wurden oder auf die pers\u00f6nlichen Bed\u00fcrfnisse des Kunden zugeschnitten sind, \u00a7 18 (1) Z 3 FAGG). Kein R\u00fccktrittsrecht besteht nach dem <em>\u00d6ffnen von uns versiegelter Kaffeepackungen<\/em> (Waren, die versiegelt geliefert werden und aus Gr\u00fcnden des Gesundheitsschutzes oder aus Hygienegr\u00fcnden nicht zur R\u00fcckgabe geeignet sind, sofern deren Versiegelung nach der Lieferung entfernt wurde, \u00a718 (1) Z 5 FAGG)<\/p>\n<h3>Folgen des Widerrufs<\/h3>\n<p>Wenn du diesen Vertrag widerrufst, haben wir alle Zahlungen, die wir von dir erhalten habe, einschlie\u00dflich der Lieferkosten (mit Ausnahme der zus\u00e4tzlichen Kosten, die sich daraus ergeben, dass du eine andere Art der Lieferung als die von mir angebotene, g\u00fcnstigste Standardlieferung gew\u00e4hlt hast), unverz\u00fcglich und sp\u00e4testens binnen vierzehn Tagen ab dem Tag zur\u00fcckzuzahlen, an dem die Mitteilung \u00fcber deinen Widerruf dieses Vertrags bei uns eingegangen ist. F\u00fcr diese R\u00fcckzahlung verwenden wir dasselbe Zahlungsmittel, das du bei der urspr\u00fcnglichen Transaktion eingesetzt hast, es sei denn, mit dir wurde ausdr\u00fccklich etwas anderes vereinbart; in keinem Fall werden dir wegen dieser R\u00fcckzahlung Entgelte berechnet.<br \/>Wir k\u00f6nnen die R\u00fcckzahlung verweigern, bis wir die Waren wieder zur\u00fcckerhalten haben oder bis du den Nachweis erbracht hast, dass du die Waren zur\u00fcckgesandt hast, je nachdem, welches der fr\u00fchere Zeitpunkt ist.<br \/>Du hast die Waren unverz\u00fcglich und in jedem Fall sp\u00e4testens binnen vierzehn Tagen ab dem Tag, an dem du uns \u00fcber den Widerruf dieses Vertrags unterrichtest, an uns zur\u00fcckzusenden oder zu \u00fcbergeben. Die Frist ist gewahrt, wenn du die Waren vor Ablauf der Frist von vierzehn Tagen absendest. Du tr\u00e4gst die unmittelbaren Kosten der R\u00fccksendung der Waren.<br \/>Du musst f\u00fcr einen etwaigen Wertverlust der Waren nur aufkommen, wenn dieser Wertverlust auf einen zur Pr\u00fcfung der Beschaffenheit, Eigenschaften und Funktionsweise der Waren nicht notwendigen Umgang mit ihnen zur\u00fcckzuf\u00fchren ist.<\/p>\n<p>&#8212; Ende der Widerrufsbelehrung &#8212;<br \/>___________________________________________________________________________<\/p>\n<h3>Widerrufsformular<\/h3>\n<p>(Wenn du den Vertrag widerrufen willst dann f\u00fclle bitte dieses Formular aus und sende es zur\u00fcck)<br \/>An<br \/>\u00b2\u00b2Beans Specialty Coffee Shop and Roastery<br \/>n22 e.U. &#8211; Dr. Dieter H\u00f6nigmann<br \/>Neunkirchner Stra\u00dfe 22<br \/>2700 Wiener Neustadt<br \/>\u00d6sterreich<br \/>shop@22beans.at<br \/>Fax: +43 2622 34774<br \/>Hiermit widerrufe(n) ich\/wir (*) den von mir\/uns (*) abgeschlossenen Vertrag \u00fcber den Kauf der folgenden Waren (*)\/die Erbringung der folgenden Dienstleistung (*)<\/p>\n<p>___________________________________________________________________________<\/p>\n<p>-Bestellt am (*)\/erhalten am (*)<\/p>\n<p>___________________________________________________________________________<\/p>\n<p>-Name des\/der Verbraucher(s)<\/p>\n<p>___________________________________________________________________________<\/p>\n<p>-Anschrift des\/der Verbraucher(s)<\/p>\n<p>___________________________________________________________________________<\/p>\n<p>-Unterschrift des\/der Verbraucher(s) (nur bei Mitteilung auf Papier)<\/p>\n<p>___________________________________________________________________________<\/p>\n<p>-Datum<\/p>\n<p>___________________________________________________________________________<\/p>\n<p>(*) Unzutreffendes streichen.<\/p>\n<p>[\/et_pb_text][\/et_pb_column][\/et_pb_row][\/et_pb_section]<\/p>\n","protected":false},"excerpt":{"rendered":"<p>WiderrufsbelehrungWiderrufsrecht \/ R\u00fccktrittsrecht Du hast das Recht, binnen vierzehn Tagen ohne Angabe von Gr\u00fcnden diesen Vertrag zu widerrufen. Die Widerrufsfrist betr\u00e4gt vierzehn Tage ab dem Tag, an dem du oder ein von dir benannter Dritter, der nicht der Bef\u00f6rderer ist, die Waren in Besitz genommen haben bzw. hat; Um dein Widerrufsrecht auszu\u00fcben, musst du uns, [&hellip;]<\/p>\n","protected":false},"author":1,"featured_media":0,"parent":0,"menu_order":0,"comment_status":"closed","ping_status":"closed","template":"","meta":{"_et_pb_use_builder":"on","_et_pb_old_content":"","_et_gb_content_width":"","footnotes":""},"class_list":["post-65","page","type-page","status-publish","hentry"],"_links":{"self":[{"href":"https:\/\/www.22beans.at\/index.php?rest_route=\/wp\/v2\/pages\/65","targetHints":{"allow":["GET"]}}],"collection":[{"href":"https:\/\/www.22beans.at\/index.php?rest_route=\/wp\/v2\/pages"}],"about":[{"href":"https:\/\/www.22beans.at\/index.php?rest_route=\/wp\/v2\/types\/page"}],"author":[{"embeddable":true,"href":"https:\/\/www.22beans.at\/index.php?rest_route=\/wp\/v2\/users\/1"}],"replies":[{"embeddable":true,"href":"https:\/\/www.22beans.at\/index.php?rest_route=%2Fwp%2Fv2%2Fcomments&post=65"}],"version-history":[{"count":8,"href":"https:\/\/www.22beans.at\/index.php?rest_route=\/wp\/v2\/pages\/65\/revisions"}],"predecessor-version":[{"id":4357,"href":"https:\/\/www.22beans.at\/index.php?rest_route=\/wp\/v2\/pages\/65\/revisions\/4357"}],"wp:attachment":[{"href":"https:\/\/www.22beans.at\/index.php?rest_route=%2Fwp%2Fv2%2Fmedia&parent=65"}],"curies":[{"name":"wp","href":"https:\/\/api.w.org\/{rel}","templated":true}]}}