{"id":5510,"date":"2026-01-25T19:31:10","date_gmt":"2026-01-25T18:31:10","guid":{"rendered":"https:\/\/www.22beans.at\/?page_id=5510"},"modified":"2026-01-25T19:31:11","modified_gmt":"2026-01-25T18:31:11","slug":"origin-trip-indien","status":"publish","type":"page","link":"https:\/\/www.22beans.at\/?page_id=5510","title":{"rendered":"Origin Trip Indien"},"content":{"rendered":"<p>[et_pb_section fb_built=&#8220;1&#8243; _builder_version=&#8220;4.16&#8243; background_image=&#8220;https:\/\/www.22beans.at\/wp-content\/uploads\/2020\/04\/bgt_et.jpg&#8220; parallax_method=&#8220;off&#8220; global_colors_info=&#8220;{}&#8220;][et_pb_row _builder_version=&#8220;4.16&#8243; min_height=&#8220;98px&#8220; global_colors_info=&#8220;{}&#8220;][et_pb_column type=&#8220;4_4&#8243; _builder_version=&#8220;4.16&#8243; global_colors_info=&#8220;{}&#8220;][et_pb_text _builder_version=&#8220;4.16&#8243; global_colors_info=&#8220;{}&#8220;]<\/p>\n<h1><span style=\"color: #5800de;\">Der Subkontinent als Kaffeeproduzent: Indien<\/span><\/h1>\n<p>Einer der letzten Neuzug\u00e4nge unseres Rohkaffee-Portfolios war Robusta aus Indien, urspr\u00fcnglich in kleinster Menge bezogen, als Komponente unseres the Spice Espresso Blend. Lennart von <a href=\"https:\/\/thissideup.coffee\/\">This Side Up<\/a> hat uns dann mit der <a href=\"https:\/\/sicc.coffee\/\">South India Coffee Company<\/a> in Verbindung gebracht, und die wiederum haben uns eingeladen, uns vor Ort Ernte und Produktion anzusehen. Und das haben wir uns nicht zweimal sagen lassen.<\/p>\n<p>[\/et_pb_text][\/et_pb_column][\/et_pb_row][et_pb_row column_structure=&#8220;2_5,3_5&#8243; _builder_version=&#8220;4.16&#8243; global_colors_info=&#8220;{}&#8220;][et_pb_column type=&#8220;2_5&#8243; _builder_version=&#8220;4.16&#8243; global_colors_info=&#8220;{}&#8220;][et_pb_text _builder_version=&#8220;4.16&#8243; global_colors_info=&#8220;{}&#8220;]<\/p>\n<h1>Fr\u00fchst\u00fcck in S\u00fcdindien<\/h1>\n<p>Nach der Anreise \u00fcber Bengalore haben wir uns im <a href=\"https:\/\/maps.app.goo.gl\/WQ2xQ8PCmwaduzrW6\">Birchwood Retreat<\/a> einquartiert und mit einem typisch s\u00fcdindischen Fr\u00fchst\u00fcck gest\u00e4rkt: Es gab jeden Tag etwas anderes, wie z.B.<\/p>\n<ul>\n<li data-start=\"195\" data-end=\"277\">\n<p data-start=\"197\" data-end=\"277\"><strong data-start=\"197\" data-end=\"205\">Idli<\/strong> \u2013 ged\u00e4mpfte, luftige Nockerl aus fermentiertem Reis- und Linsenteig<\/p>\n<\/li>\n<li data-start=\"278\" data-end=\"342\">\n<p data-start=\"280\" data-end=\"342\"><strong data-start=\"280\" data-end=\"288\">Dosa<\/strong> \u2013 d\u00fcnne knusprige Palatschinken aus verschiedenen Teigen<\/p>\n<\/li>\n<li data-start=\"343\" data-end=\"420\">\n<p data-start=\"345\" data-end=\"420\"><strong data-start=\"345\" data-end=\"356\">Uttapam<\/strong> \u2013 dickere Dosa-Variante, oft mit Zwiebeln, Tomaten oder Chili<\/p>\n<\/li>\n<li data-start=\"421\" data-end=\"492\">\n<p data-start=\"423\" data-end=\"492\"><strong data-start=\"423\" data-end=\"431\">Vada<\/strong> \u2013 frittierte pikante Donuts<\/p>\n<\/li>\n<li data-start=\"646\" data-end=\"715\">\n<p data-start=\"648\" data-end=\"715\"><strong data-start=\"648\" data-end=\"656\">Upma<\/strong> \u2013 ein Grie\u00dfgericht mit Senfk\u00f6rnern, Currybl\u00e4ttern und Gem\u00fcse<\/p>\n<\/li>\n<li data-start=\"716\" data-end=\"787\">\n<p data-start=\"718\" data-end=\"787\"><strong data-start=\"718\" data-end=\"728\">Pongal<\/strong> \u2013 cremiger Reis-Linsen-Brei mit Pfeffer und Ghee<\/p>\n<\/li>\n<\/ul>\n<p>Die Gew\u00fcrzintensit\u00e4t war extrem, aber wir haben uns schnell daran gew\u00f6hnt.\u00a0<\/p>\n<p>[\/et_pb_text][\/et_pb_column][et_pb_column type=&#8220;3_5&#8243; _builder_version=&#8220;4.16&#8243; global_colors_info=&#8220;{}&#8220;][et_pb_image src=&#8220;https:\/\/www.22beans.at\/wp-content\/uploads\/2026\/01\/fruehstueck.jpg&#8220; _builder_version=&#8220;4.24.2&#8243; hover_enabled=&#8220;0&#8243; global_colors_info=&#8220;{}&#8220; title_text=&#8220;fr\u00fchst\u00fcck&#8220; sticky_enabled=&#8220;0&#8243;][\/et_pb_image][\/et_pb_column][\/et_pb_row][et_pb_row _builder_version=&#8220;4.24.2&#8243; _module_preset=&#8220;default&#8220; column_structure=&#8220;3_5,2_5&#8243;][et_pb_column _builder_version=&#8220;4.24.2&#8243; _module_preset=&#8220;default&#8220; type=&#8220;3_5&#8243;][et_pb_image src=&#8220;https:\/\/www.22beans.at\/wp-content\/uploads\/2026\/01\/IMG_20250131_102639.jpg&#8220; _builder_version=&#8220;4.24.2&#8243; _module_preset=&#8220;default&#8220; title_text=&#8220;IMG_20250131_102639&#8243; hover_enabled=&#8220;0&#8243; sticky_enabled=&#8220;0&#8243;][\/et_pb_image][\/et_pb_column][et_pb_column _builder_version=&#8220;4.24.2&#8243; _module_preset=&#8220;default&#8220; type=&#8220;2_5&#8243;][et_pb_text _builder_version=&#8220;4.16&#8243; global_colors_info=&#8220;{}&#8220;]<\/p>\n<h1>Mooleh Manay Estate<\/h1>\n<p>Auf Mooleh Manay Estate war die Robusta-Ernte in vollem Gang. Dieses Estate ist das Herz der South India Coffee Company, die von Akshay Dashrath und Komal Sable gef\u00fchrt wird. Komal hat uns gleich unter ihre Fittiche genommen und uns die harte Arbeit n\u00e4hergebracht.<\/p>\n<p>[\/et_pb_text][et_pb_image src=&#8220;https:\/\/www.22beans.at\/wp-content\/uploads\/2026\/01\/IMG_20250131_102608-scaled.jpg&#8220; _builder_version=&#8220;4.24.2&#8243; _module_preset=&#8220;default&#8220; title_text=&#8220;IMG_20250131_102608&#8243; hover_enabled=&#8220;0&#8243; sticky_enabled=&#8220;0&#8243;][\/et_pb_image][\/et_pb_column][\/et_pb_row][et_pb_row column_structure=&#8220;1_2,1_2&#8243; _builder_version=&#8220;4.16&#8243; global_colors_info=&#8220;{}&#8220;][et_pb_column type=&#8220;1_2&#8243; _builder_version=&#8220;4.16&#8243; global_colors_info=&#8220;{}&#8220;][et_pb_image src=&#8220;https:\/\/www.22beans.at\/wp-content\/uploads\/2026\/01\/L1042173-scaled.jpg&#8220; _builder_version=&#8220;4.24.2&#8243; _module_preset=&#8220;default&#8220; title_text=&#8220;L1042173&#8243; hover_enabled=&#8220;0&#8243; sticky_enabled=&#8220;0&#8243;][\/et_pb_image][\/et_pb_column][et_pb_column type=&#8220;1_2&#8243; _builder_version=&#8220;4.16&#8243; global_colors_info=&#8220;{}&#8220;][et_pb_image src=&#8220;https:\/\/www.22beans.at\/wp-content\/uploads\/2026\/01\/IMG_20250131_104935-scaled.jpg&#8220; _builder_version=&#8220;4.24.2&#8243; hover_enabled=&#8220;0&#8243; global_colors_info=&#8220;{}&#8220; sticky_enabled=&#8220;0&#8243; title_text=&#8220;IMG_20250131_104935&#8243;][\/et_pb_image][\/et_pb_column][\/et_pb_row][et_pb_row column_structure=&#8220;2_5,3_5&#8243; _builder_version=&#8220;4.16&#8243; global_colors_info=&#8220;{}&#8220;][et_pb_column type=&#8220;2_5&#8243; _builder_version=&#8220;4.16&#8243; global_colors_info=&#8220;{}&#8220;][et_pb_text _builder_version=&#8220;4.16&#8243; global_colors_info=&#8220;{}&#8220;]<\/p>\n<h1>Die Sirangalli Community<\/h1>\n<p>Mit Akshay haben wir dann die\u00a0 Kaffeebauern der Sirangalli Community besucht. Hier helfen alle Bauern zusammen, um das Lot des einen Bauern zu ernten, dessen Kaffeekirschen am reifsten sind. Die Verarbeitung geschieht dann auf Mooleh Manay Estate, sobald der Preis f\u00fcr die Kaffeekirschen ausgehandelt ist.<\/p>\n<p>[\/et_pb_text][\/et_pb_column][et_pb_column type=&#8220;3_5&#8243; _builder_version=&#8220;4.16&#8243; global_colors_info=&#8220;{}&#8220;][et_pb_image src=&#8220;https:\/\/www.22beans.at\/wp-content\/uploads\/2026\/01\/mm02.jpg&#8220; _builder_version=&#8220;4.24.2&#8243; hover_enabled=&#8220;0&#8243; global_colors_info=&#8220;{}&#8220; title_text=&#8220;mm02&#8243; sticky_enabled=&#8220;0&#8243;][\/et_pb_image][\/et_pb_column][\/et_pb_row][et_pb_row column_structure=&#8220;3_5,2_5&#8243; _builder_version=&#8220;4.16&#8243; global_colors_info=&#8220;{}&#8220;][et_pb_column type=&#8220;3_5&#8243; _builder_version=&#8220;4.16&#8243; global_colors_info=&#8220;{}&#8220;][et_pb_image src=&#8220;https:\/\/www.22beans.at\/wp-content\/uploads\/2026\/01\/L1042154-scaled.jpg&#8220; _builder_version=&#8220;4.24.2&#8243; hover_enabled=&#8220;0&#8243; global_colors_info=&#8220;{}&#8220; title_text=&#8220;L1042154&#8243; sticky_enabled=&#8220;0&#8243;][\/et_pb_image][\/et_pb_column][et_pb_column type=&#8220;2_5&#8243; _builder_version=&#8220;4.16&#8243; global_colors_info=&#8220;{}&#8220;][et_pb_text _builder_version=&#8220;4.16&#8243; global_colors_info=&#8220;{}&#8220;]<\/p>\n<h1>Kaffeeernte ist anstrengend<\/h1>\n<p>Am n\u00e4chsten Tag durften wir dann selbst erfahren, wie anstrengend das Ernten der Kaffeekirschen ist. Die gehen n\u00e4mlich nicht nur sehr schwer von der Pflanze, sondern sind auch die Hauptnahrung von Millionen kleiner Ameisen, die sie mit schmerzvollen Bissen gegen den Feind verteidigen. Und dann m\u00fcssen noch die unreifen Kirschen aussortiert werden. Unsere Ausbeute von einer halben Stunde Ernte war dementsprechend gering.<\/p>\n<p>[\/et_pb_text][et_pb_image src=&#8220;https:\/\/www.22beans.at\/wp-content\/uploads\/2026\/01\/harvest07.jpg&#8220; _builder_version=&#8220;4.24.2&#8243; _module_preset=&#8220;default&#8220; title_text=&#8220;harvest07&#8243; hover_enabled=&#8220;0&#8243; sticky_enabled=&#8220;0&#8243; custom_padding=&#8220;||0px|||&#8220;][\/et_pb_image][\/et_pb_column][\/et_pb_row][et_pb_row column_structure=&#8220;1_2,1_2&#8243; _builder_version=&#8220;4.16&#8243; global_colors_info=&#8220;{}&#8220;][et_pb_column type=&#8220;1_2&#8243; _builder_version=&#8220;4.16&#8243; global_colors_info=&#8220;{}&#8220;][et_pb_text _builder_version=&#8220;4.16&#8243; global_colors_info=&#8220;{}&#8220;]<\/p>\n<h1>Erste Sortierung\u00a0<\/h1>\n<p>Die Kirschen werden dann in flie\u00dfendem Wasser sortiert. Sogenannte <em><strong>Floaters<\/strong><\/em> schwimmen im Wasser oben und sind unreif, \u00fcberreif oder von Insekten angefressen, also keine brauchbare Ausgangsbasis f\u00fcr Specialty Grade Kaffee. Sie werden aber von den Kaffeebauern f\u00fcr den Eigenbedarf weiterverarbeitet und darum in dem orangen Korb gesammelt.\u00a0<\/p>\n<p>Die guten Kirschen werden in die blauen K\u00f6rbe gesp\u00fclt, die in die angeschlossene Fermentierstation getragen werden.<\/p>\n<p>[\/et_pb_text][\/et_pb_column][et_pb_column type=&#8220;1_2&#8243; _builder_version=&#8220;4.16&#8243; global_colors_info=&#8220;{}&#8220;][et_pb_image src=&#8220;https:\/\/www.22beans.at\/wp-content\/uploads\/2026\/01\/IMG_20250131_163024-scaled.jpg&#8220; _builder_version=&#8220;4.24.2&#8243; hover_enabled=&#8220;0&#8243; global_colors_info=&#8220;{}&#8220; title_text=&#8220;IMG_20250131_163024&#8243; sticky_enabled=&#8220;0&#8243;][\/et_pb_image][\/et_pb_column][\/et_pb_row][et_pb_row column_structure=&#8220;1_2,1_2&#8243; _builder_version=&#8220;4.16&#8243; global_colors_info=&#8220;{}&#8220;][et_pb_column type=&#8220;1_2&#8243; _builder_version=&#8220;4.16&#8243; global_colors_info=&#8220;{}&#8220;][et_pb_text _builder_version=&#8220;4.16&#8243; global_colors_info=&#8220;{}&#8220;]<\/p>\n<h1>Fermentation Tanks<\/h1>\n<p>Besonders stolz ist Akshay auf seine Fermentation Tanks, in denen die Kirschen dann mehrere Tage fermentieren. F\u00fcr einfacheres Handling sind sie in schwenkbare Metallgestelle eingesetzt und werden bis ganz oben angef\u00fcllt. In den dicht schlie\u00dfenden Deckeln sind Ventile und Druckanzeiger, die eine \u00dcberwachung des Fermentierungsprozesses ohne \u00d6ffnen der F\u00e4sser erm\u00f6glichen.<\/p>\n<p>[\/et_pb_text][et_pb_image src=&#8220;https:\/\/www.22beans.at\/wp-content\/uploads\/2026\/01\/harvest05-scaled.jpg&#8220; _builder_version=&#8220;4.24.2&#8243; _module_preset=&#8220;default&#8220; title_text=&#8220;harvest05&#8243; hover_enabled=&#8220;0&#8243; sticky_enabled=&#8220;0&#8243;][\/et_pb_image][\/et_pb_column][et_pb_column type=&#8220;1_2&#8243; _builder_version=&#8220;4.16&#8243; global_colors_info=&#8220;{}&#8220;][et_pb_image src=&#8220;https:\/\/www.22beans.at\/wp-content\/uploads\/2026\/01\/IMG_20250131_162905-scaled.jpg&#8220; _builder_version=&#8220;4.24.2&#8243; hover_enabled=&#8220;0&#8243; global_colors_info=&#8220;{}&#8220; title_text=&#8220;IMG_20250131_162905&#8243; sticky_enabled=&#8220;0&#8243;][\/et_pb_image][\/et_pb_column][\/et_pb_row][et_pb_row column_structure=&#8220;1_3,1_3,1_3&#8243; _builder_version=&#8220;4.16&#8243; global_colors_info=&#8220;{}&#8220;][et_pb_column type=&#8220;1_3&#8243; _builder_version=&#8220;4.16&#8243; global_colors_info=&#8220;{}&#8220;][et_pb_image src=&#8220;https:\/\/www.22beans.at\/wp-content\/uploads\/2026\/01\/harvest06.jpg&#8220; _builder_version=&#8220;4.24.2&#8243; _module_preset=&#8220;default&#8220; title_text=&#8220;harvest06&#8243; hover_enabled=&#8220;0&#8243; sticky_enabled=&#8220;0&#8243;][\/et_pb_image][\/et_pb_column][et_pb_column _builder_version=&#8220;4.24.2&#8243; _module_preset=&#8220;default&#8220; type=&#8220;1_3&#8243;][et_pb_image src=&#8220;https:\/\/www.22beans.at\/wp-content\/uploads\/2026\/01\/L1042084-scaled.jpg&#8220; _builder_version=&#8220;4.24.2&#8243; _module_preset=&#8220;default&#8220; title_text=&#8220;L1042084&#8243; hover_enabled=&#8220;0&#8243; sticky_enabled=&#8220;0&#8243;][\/et_pb_image][\/et_pb_column][et_pb_column _builder_version=&#8220;4.24.2&#8243; _module_preset=&#8220;default&#8220; type=&#8220;1_3&#8243;][et_pb_text _builder_version=&#8220;4.16&#8243; global_colors_info=&#8220;{}&#8220;]<\/p>\n<h1>Trocknen der Kirschen<\/h1>\n<p>Sind die Kaffeekirschen ausreichend fermentiert, werden sie entweder auf dem Boden oder auf <em>Raised Beds<\/em> unter Dach getrocknet. So ist der Trocknungsprozess weniger Witterungsabh\u00e4ngig und damit besser kontrollierbar.<\/p>\n<p>&nbsp;<\/p>\n<p>[\/et_pb_text][\/et_pb_column][\/et_pb_row][et_pb_row column_structure=&#8220;2_5,3_5&#8243; _builder_version=&#8220;4.16&#8243; global_colors_info=&#8220;{}&#8220;][et_pb_column type=&#8220;2_5&#8243; _builder_version=&#8220;4.16&#8243; global_colors_info=&#8220;{}&#8220;][et_pb_image src=&#8220;https:\/\/www.22beans.at\/wp-content\/uploads\/2026\/01\/IMG_20250201_120252-scaled.jpg&#8220; _builder_version=&#8220;4.24.2&#8243; hover_enabled=&#8220;0&#8243; global_colors_info=&#8220;{}&#8220; title_text=&#8220;IMG_20250201_120252&#8243; sticky_enabled=&#8220;0&#8243;][\/et_pb_image][\/et_pb_column][et_pb_column type=&#8220;3_5&#8243; _builder_version=&#8220;4.16&#8243; global_colors_info=&#8220;{}&#8220;][et_pb_text _builder_version=&#8220;4.16&#8243; global_colors_info=&#8220;{}&#8220;]<\/p>\n<h1>Verkostung\u00a0<\/h1>\n<p>Akshay besch\u00e4ftigt sich intensiv mit der Genetik der Kaffeepflanze und baut unterschiedlichste Variet\u00e4ten an, um Resilienz bez\u00fcglich Klima, Wasserverbrauch und Sch\u00e4dlinge und nat\u00fcrlich auch Geschmack vergleichen zu k\u00f6nnen. So habe ich nicht nur Arabicas und Robustas, sondern auch Excelsia verkosten d\u00fcrfen.\u00a0<\/p>\n<p>Besonders herausgestochen ist dabei ein Yeast Fermented Robusta vom Vorjahr (die Ernte war ja noch im Gang), dessen karamellig-nussige Aromatik und S\u00fc\u00dfe ich noch nie zuvor so intensiv wahrgenommen habe. Diesen Kaffee muss ich haben, dachte ich. Und der ist so gut, dass er als 100% Robusta angeboten werden muss. Das war sozusagen die Geburtsstunde von the Roar.<\/p>\n<p>[\/et_pb_text][\/et_pb_column][\/et_pb_row][et_pb_row column_structure=&#8220;2_5,3_5&#8243; _builder_version=&#8220;4.16&#8243; global_colors_info=&#8220;{}&#8220;][et_pb_column type=&#8220;2_5&#8243; _builder_version=&#8220;4.16&#8243; global_colors_info=&#8220;{}&#8220;][et_pb_text _builder_version=&#8220;4.16&#8243; global_colors_info=&#8220;{}&#8220;]<\/p>\n<h1>Gastfreundliche Aufnahme<\/h1>\n<p>Abschlie\u00dfend m\u00f6chten wir uns bei dieser Gelegenheit nochmals ganz herzlich bei Akshay und Komal f\u00fcr die M\u00f6glichkeit bedanken, in so kurzer Zeit so viel \u00fcber Kaffee in Indien erfahren zu haben. Alles Gute f\u00fcr die Zukunft und danke, das wir ein Teil derselben sein d\u00fcrfen!<\/p>\n<p>[\/et_pb_text][\/et_pb_column][et_pb_column type=&#8220;3_5&#8243; _builder_version=&#8220;4.16&#8243; global_colors_info=&#8220;{}&#8220;][et_pb_image src=&#8220;https:\/\/www.22beans.at\/wp-content\/uploads\/2026\/01\/L1042104-scaled.jpg&#8220; _builder_version=&#8220;4.24.2&#8243; hover_enabled=&#8220;0&#8243; global_colors_info=&#8220;{}&#8220; title_text=&#8220;L1042104&#8243; sticky_enabled=&#8220;0&#8243;][\/et_pb_image][\/et_pb_column][\/et_pb_row][\/et_pb_section]<\/p>\n","protected":false},"excerpt":{"rendered":"<p>Der Subkontinent als Kaffeeproduzent: Indien Einer der letzten Neuzug\u00e4nge unseres Rohkaffee-Portfolios war Robusta aus Indien, urspr\u00fcnglich in kleinster Menge bezogen, als Komponente unseres the Spice Espresso Blend. Lennart von This Side Up hat uns dann mit der South India Coffee Company in Verbindung gebracht, und die wiederum haben uns eingeladen, uns vor Ort Ernte und [&hellip;]<\/p>\n","protected":false},"author":1,"featured_media":0,"parent":0,"menu_order":0,"comment_status":"closed","ping_status":"closed","template":"","meta":{"_et_pb_use_builder":"on","_et_pb_old_content":"","_et_gb_content_width":"","footnotes":""},"class_list":["post-5510","page","type-page","status-publish","hentry"],"_links":{"self":[{"href":"https:\/\/www.22beans.at\/index.php?rest_route=\/wp\/v2\/pages\/5510","targetHints":{"allow":["GET"]}}],"collection":[{"href":"https:\/\/www.22beans.at\/index.php?rest_route=\/wp\/v2\/pages"}],"about":[{"href":"https:\/\/www.22beans.at\/index.php?rest_route=\/wp\/v2\/types\/page"}],"author":[{"embeddable":true,"href":"https:\/\/www.22beans.at\/index.php?rest_route=\/wp\/v2\/users\/1"}],"replies":[{"embeddable":true,"href":"https:\/\/www.22beans.at\/index.php?rest_route=%2Fwp%2Fv2%2Fcomments&post=5510"}],"version-history":[{"count":7,"href":"https:\/\/www.22beans.at\/index.php?rest_route=\/wp\/v2\/pages\/5510\/revisions"}],"predecessor-version":[{"id":5537,"href":"https:\/\/www.22beans.at\/index.php?rest_route=\/wp\/v2\/pages\/5510\/revisions\/5537"}],"wp:attachment":[{"href":"https:\/\/www.22beans.at\/index.php?rest_route=%2Fwp%2Fv2%2Fmedia&parent=5510"}],"curies":[{"name":"wp","href":"https:\/\/api.w.org\/{rel}","templated":true}]}}