{"id":4945,"date":"2022-09-18T18:53:50","date_gmt":"2022-09-18T16:53:50","guid":{"rendered":"https:\/\/www.22beans.at\/?page_id=4945"},"modified":"2023-09-16T18:46:38","modified_gmt":"2023-09-16T16:46:38","slug":"origin-trip-el-salvador","status":"publish","type":"page","link":"https:\/\/www.22beans.at\/?page_id=4945","title":{"rendered":"Origin Trip El Salvador"},"content":{"rendered":"<p>[et_pb_section fb_built=&#8220;1&#8243; _builder_version=&#8220;4.22.1&#8243; background_image=&#8220;https:\/\/www.22beans.at\/wp-content\/uploads\/2023\/09\/coffeebag-scaled.jpg&#8220; hover_enabled=&#8220;0&#8243; global_colors_info=&#8220;{}&#8220; title_text=&#8220;coffeebag&#8220; sticky_enabled=&#8220;0&#8243;][et_pb_row _builder_version=&#8220;4.16&#8243; min_height=&#8220;98px&#8220; global_colors_info=&#8220;{}&#8220;][et_pb_column type=&#8220;4_4&#8243; _builder_version=&#8220;4.16&#8243; global_colors_info=&#8220;{}&#8220;][et_pb_text _builder_version=&#8220;4.18.0&#8243; global_colors_info=&#8220;{}&#8220;]<\/p>\n<h1><span style=\"color: #5800de;\">El Salvador<em><\/em><br \/><\/span><\/h1>\n<p>Nach pandemiebedingter Pause war es im August 2022 endlich wieder soweit: Die n\u00e4chste Kaffeereise, diesmal nach El Salvador, konnte stattfinden. Ein Land von der Gr\u00f6\u00dfe Nieder\u00f6sterreichs, in dem die Mordrate 2015 noch 18 Morde pro Tag betrug und in dem gerade Ausnahmezustand herrscht. Ein Land, in dem der Pr\u00e4sident Bitcoin als offzielle Landesw\u00e4hrung einf\u00fchren lie\u00df. Ein Land, das die besten Kaffees der Welt produziert.<\/p>\n<p>Wir beziehen seit mehreren Jahren den Rohkaffee f\u00fcr The Force und the Spice von Carlos Polas Finca San Antonio in der N\u00e4he von Juayua, am Fu\u00dfe des Vulkans Santa Ana. Tato Hernandez, der diesen und viele andere Spitzenkaffees aus El Salvador importiert, hat uns bei der Vorbereitung unterst\u00fctzt. Vielen Dank daf\u00fcr!<\/p>\n<p>[\/et_pb_text][\/et_pb_column][\/et_pb_row][et_pb_row column_structure=&#8220;2_5,3_5&#8243; _builder_version=&#8220;4.16&#8243; global_colors_info=&#8220;{}&#8220;][et_pb_column type=&#8220;2_5&#8243; _builder_version=&#8220;4.16&#8243; global_colors_info=&#8220;{}&#8220;][et_pb_text _builder_version=&#8220;4.16&#8243; global_colors_info=&#8220;{}&#8220;]<\/p>\n<h1>Die Ankunft in San Salvador<\/h1>\n<p>Am sp\u00e4ten Nachmittag kamen wir am Flughafen in San Salvador an und haben unseren Mietwagen \u00fcbernommen. Der kam uns zwar anfangs etwas unhandlich\u00a0 vor, hat uns aber mit Allradantrieb und Untersetzungsgetriebe gute Dienste geleistet.<\/p>\n<p>Dann ging es auf der n\u00e4chtlichen K\u00fcstenstra\u00dfe Litoral nach Westen, wo wir gegen 22 Uhr im Hotel Juayua ankamen.<\/p>\n<p>[\/et_pb_text][\/et_pb_column][et_pb_column type=&#8220;3_5&#8243; _builder_version=&#8220;4.16&#8243; global_colors_info=&#8220;{}&#8220;][et_pb_image src=&#8220;https:\/\/www.22beans.at\/wp-content\/uploads\/2022\/09\/nissan_terrano.jpg&#8220; title_text=&#8220;nissan_terrano&#8220; _builder_version=&#8220;4.18.0&#8243; global_colors_info=&#8220;{}&#8220;][\/et_pb_image][\/et_pb_column][\/et_pb_row][et_pb_row column_structure=&#8220;1_2,1_2&#8243; _builder_version=&#8220;4.18.0&#8243; _module_preset=&#8220;default&#8220; global_colors_info=&#8220;{}&#8220;][et_pb_column type=&#8220;1_2&#8243; _builder_version=&#8220;4.18.0&#8243; _module_preset=&#8220;default&#8220; global_colors_info=&#8220;{}&#8220;][et_pb_image src=&#8220;https:\/\/www.22beans.at\/wp-content\/uploads\/2022\/09\/santa_ana.jpg&#8220; title_text=&#8220;santa_ana&#8220; _builder_version=&#8220;4.18.0&#8243; _module_preset=&#8220;default&#8220; global_colors_info=&#8220;{}&#8220;][\/et_pb_image][\/et_pb_column][et_pb_column type=&#8220;1_2&#8243; _builder_version=&#8220;4.18.0&#8243; _module_preset=&#8220;default&#8220; global_colors_info=&#8220;{}&#8220;][et_pb_text _builder_version=&#8220;4.18.0&#8243; _module_preset=&#8220;default&#8220; global_colors_info=&#8220;{}&#8220;]<\/p>\n<h1>Juayua<\/h1>\n<p>Juayua ist eine kleine Stadt am Fu\u00df des Vulkans Santa Ana. Dessen vulkanische B\u00f6den sind mit ein Grund f\u00fcr die au\u00dferordendliche Qualit\u00e4t der Kaffeeproduktion in der Region. Wir konnten den Vulkan vom Balkon unseres Hotels sehen, was in der Regenzeit nicht selbstverst\u00e4ndlich ist.<\/p>\n<p>&nbsp;<\/p>\n<p>[\/et_pb_text][\/et_pb_column][\/et_pb_row][et_pb_row column_structure=&#8220;2_5,3_5&#8243; _builder_version=&#8220;4.16&#8243; global_colors_info=&#8220;{}&#8220;][et_pb_column type=&#8220;2_5&#8243; _builder_version=&#8220;4.16&#8243; global_colors_info=&#8220;{}&#8220;][et_pb_text _builder_version=&#8220;4.16&#8243; global_colors_info=&#8220;{}&#8220;]<\/p>\n<h1>Finca San Antonio<\/h1>\n<p>Am n\u00e4chsten Tag hat uns Carlos Pola durch seine Finca gef\u00fchrt. Beschattung mittels durchdacht gew\u00e4hlter B\u00e4ume ist f\u00fcr qualitativ hochwertige Kaffees notwendig. Die Kaffeestr\u00e4ucher werden auf etwa zwei Meter zur\u00fcckgeschnitten, und zwischen den Reihen ist ausreichend Platz f\u00fcr Luft, Sonne, Arbeiter oder f\u00fcr ein Foto.<\/p>\n<p>[\/et_pb_text][\/et_pb_column][et_pb_column type=&#8220;3_5&#8243; _builder_version=&#8220;4.16&#8243; global_colors_info=&#8220;{}&#8220;][et_pb_image src=&#8220;https:\/\/www.22beans.at\/wp-content\/uploads\/2022\/09\/carlos_dieter_sanantonio-scaled.jpg&#8220; title_text=&#8220;carlos_dieter_sanantonio&#8220; _builder_version=&#8220;4.18.0&#8243; global_colors_info=&#8220;{}&#8220;][\/et_pb_image][\/et_pb_column][\/et_pb_row][et_pb_row column_structure=&#8220;3_5,2_5&#8243; _builder_version=&#8220;4.16&#8243; global_colors_info=&#8220;{}&#8220;][et_pb_column type=&#8220;3_5&#8243; _builder_version=&#8220;4.16&#8243; global_colors_info=&#8220;{}&#8220;][et_pb_image src=&#8220;https:\/\/www.22beans.at\/wp-content\/uploads\/2022\/09\/mycel.jpg&#8220; title_text=&#8220;mycel&#8220; _builder_version=&#8220;4.18.0&#8243; custom_margin=&#8220;|2px||||&#8220; global_colors_info=&#8220;{}&#8220;][\/et_pb_image][\/et_pb_column][et_pb_column type=&#8220;2_5&#8243; _builder_version=&#8220;4.16&#8243; global_colors_info=&#8220;{}&#8220;][et_pb_text _builder_version=&#8220;4.16&#8243; global_colors_info=&#8220;{}&#8220;]<\/p>\n<h1>Belebte B\u00f6den<\/h1>\n<p>Carlos legt gro\u00dfes Augenmerk auf nachhaltige Anbaumethoden. Stolz zeigt er uns das Myzel von Pilzen, die in Symbiose mit den Kaffeepflanzen f\u00fcr einen Kreislauf der N\u00e4hrstoffe zwischen Pflanze, abgestorbenem Schnittgut und Boden f\u00fchrt.<\/p>\n<p>[\/et_pb_text][\/et_pb_column][\/et_pb_row][et_pb_row column_structure=&#8220;1_2,1_2&#8243; _builder_version=&#8220;4.16&#8243; global_colors_info=&#8220;{}&#8220;][et_pb_column type=&#8220;1_2&#8243; _builder_version=&#8220;4.16&#8243; global_colors_info=&#8220;{}&#8220;][et_pb_text _builder_version=&#8220;4.16&#8243; global_colors_info=&#8220;{}&#8220;]<\/p>\n<h1>Roya &#8211; Kaffeerost<\/h1>\n<p>Roya ist eine Pilzerkrankung, die sich am Beginn der Regenzeit epidemisch in Kaffeeplantagen ausbreiten kann. Wenn dieses Szenario eintritt, sind die sofortige Entfernung aller befallenen Pflanzenteile oder der Einsatz von Fungiziden die einzig wirksamen Ma\u00dfnahmen, um einen Totalausfall zu verhindern.<\/p>\n<p>[\/et_pb_text][et_pb_image src=&#8220;https:\/\/www.22beans.at\/wp-content\/uploads\/2022\/09\/roya-1-scaled.jpg&#8220; title_text=&#8220;roya&#8220; _builder_version=&#8220;4.18.0&#8243; _module_preset=&#8220;default&#8220; custom_margin=&#8220;|68px||||&#8220; custom_padding=&#8220;||0px|||&#8220; global_colors_info=&#8220;{}&#8220;][\/et_pb_image][\/et_pb_column][et_pb_column type=&#8220;1_2&#8243; _builder_version=&#8220;4.16&#8243; global_colors_info=&#8220;{}&#8220;][et_pb_image src=&#8220;https:\/\/www.22beans.at\/wp-content\/uploads\/2022\/09\/coffeecardener.jpg&#8220; title_text=&#8220;coffeecardener&#8220; _builder_version=&#8220;4.18.0&#8243; global_colors_info=&#8220;{}&#8220;][\/et_pb_image][\/et_pb_column][\/et_pb_row][et_pb_row column_structure=&#8220;3_5,2_5&#8243; _builder_version=&#8220;4.16&#8243; global_colors_info=&#8220;{}&#8220;][et_pb_column type=&#8220;3_5&#8243; _builder_version=&#8220;4.16&#8243; global_colors_info=&#8220;{}&#8220;][et_pb_image src=&#8220;https:\/\/www.22beans.at\/wp-content\/uploads\/2022\/09\/pacamara.gif&#8220; title_text=&#8220;pacamara&#8220; _builder_version=&#8220;4.18.0&#8243; custom_margin=&#8220;||8px|||&#8220; custom_padding=&#8220;|34px||||&#8220; global_colors_info=&#8220;{}&#8220;][\/et_pb_image][\/et_pb_column][et_pb_column type=&#8220;2_5&#8243; _builder_version=&#8220;4.16&#8243; global_colors_info=&#8220;{}&#8220;][et_pb_text _builder_version=&#8220;4.16&#8243; global_colors_info=&#8220;{}&#8220;]<\/p>\n<h1>Kaffeeindustrie in El Salvador<\/h1>\n<p>Zus\u00e4tzlich zu Roya kam der Klimawandel: Regenf\u00e4lle kommen oft zu fr\u00fch, wodurch Kaffeepflanzen fr\u00fchzeitig bl\u00fchen. Oft folgt dann aber wieder eine Trockenperiode, in der die Pflanze ihre Bl\u00fctenst\u00e4nde verliert, also Ernteausfall.<\/p>\n<p>Der letzte Schlag gegen die Kaffeeindustrie war aber ein wirtschaftlicher: die B\u00f6rsenpreise f\u00fcr Arabica-Kaffee fielen so weit, dass es sich f\u00fcr viele Bauern nicht mehr auszahlte, Kaffee anzubauen. Ein USDA Report aus dem Jahr 2018 stellt fest, dass das Land etwa 40.000 Jobs in der Kaffeeindustrie verloren hat. Heute leben nahezu 20% der Bev\u00f6lkerung El Salvadors in den USA.<\/p>\n<p>Carlos Strategie ist es, zu 100% auf Specialty Coffee zu setzen und den (teuren) Einsatz von Chemie so weit irgendwie m\u00f6glich zu vermeiden.<\/p>\n<p>[\/et_pb_text][\/et_pb_column][\/et_pb_row][et_pb_row column_structure=&#8220;2_5,3_5&#8243; _builder_version=&#8220;4.18.0&#8243; _module_preset=&#8220;default&#8220; global_colors_info=&#8220;{}&#8220;][et_pb_column type=&#8220;2_5&#8243; _builder_version=&#8220;4.18.0&#8243; _module_preset=&#8220;default&#8220; global_colors_info=&#8220;{}&#8220;][et_pb_text _builder_version=&#8220;4.18.0&#8243; _module_preset=&#8220;default&#8220; width=&#8220;100%&#8220; custom_margin=&#8220;|-606px|40px|||&#8220; global_colors_info=&#8220;{}&#8220;]<\/p>\n<h1>Cupping<\/h1>\n<p>Nat\u00fcrlich hatten wir auch Gelegenheit, verschiedene Lots der vergangenen Ernte, die zum Zeitpunkt unseres Besuchs gerade auf dem Weg nach \u00d6sterreich war, zu verkosten. Besonders beeindruckend der Honey Processed Pacamara. Gl\u00fccklicherweise genau der Kaffee, den wir bestellt haben \ud83d\ude42<\/p>\n<p>[\/et_pb_text][\/et_pb_column][et_pb_column type=&#8220;3_5&#8243; _builder_version=&#8220;4.18.0&#8243; _module_preset=&#8220;default&#8220; global_colors_info=&#8220;{}&#8220;][et_pb_image src=&#8220;https:\/\/www.22beans.at\/wp-content\/uploads\/2022\/09\/cupping.jpg&#8220; title_text=&#8220;cupping&#8220; _builder_version=&#8220;4.18.0&#8243; _module_preset=&#8220;default&#8220; custom_padding=&#8220;|||96px||&#8220; global_colors_info=&#8220;{}&#8220;][\/et_pb_image][\/et_pb_column][\/et_pb_row][et_pb_row column_structure=&#8220;1_5,3_5,1_5&#8243; _builder_version=&#8220;4.16&#8243; global_colors_info=&#8220;{}&#8220;][et_pb_column type=&#8220;1_5&#8243; _builder_version=&#8220;4.16&#8243; global_colors_info=&#8220;{}&#8220;][\/et_pb_column][et_pb_column type=&#8220;3_5&#8243; _builder_version=&#8220;4.16&#8243; global_colors_info=&#8220;{}&#8220;][et_pb_text _builder_version=&#8220;4.16&#8243; width=&#8220;100%&#8220; global_colors_info=&#8220;{}&#8220;]<\/p>\n<p>Wir m\u00f6chten uns bei dieser Gelegenheit nochmals ganz herzlich bei Carlos Pola f\u00fcr die M\u00f6glichkeit bedanken, in so kurzer Zeit so viel \u00fcber Anbau von Kaffee in El Salvador erfahren zu haben.<\/p>\n<p>[\/et_pb_text][\/et_pb_column][et_pb_column type=&#8220;1_5&#8243; _builder_version=&#8220;4.16&#8243; global_colors_info=&#8220;{}&#8220;][et_pb_social_media_follow url_new_window=&#8220;off&#8220; admin_label=&#8220;Social Media Follow&#8220; _builder_version=&#8220;4.16&#8243; custom_css_main_element=&#8220;float:right;&#8220; border_radii=&#8220;on|100%|100%|100%|100%&#8220; link_shape=&#8220;circle&#8220; global_colors_info=&#8220;{}&#8220;][et_pb_social_media_follow_network social_network=&#8220;facebook&#8220; url=&#8220;http:\/\/fb.com\/n22beans&#8220; _builder_version=&#8220;4.16&#8243; background_color=&#8220;#3b5998&#8243; bg_color=&#8220;#3b5998&#8243; global_colors_info=&#8220;{}&#8220; follow_button=&#8220;off&#8220; url_new_window=&#8220;off&#8220;]<\/p>\n<p>facebook<\/p>\n<p>[\/et_pb_social_media_follow_network][et_pb_social_media_follow_network social_network=&#8220;instagram&#8220; url=&#8220;http:\/\/instagram.com\/22beans_coffee&#8220; _builder_version=&#8220;4.16&#8243; background_color=&#8220;#ea2c59&#8243; global_colors_info=&#8220;{}&#8220; follow_button=&#8220;off&#8220; url_new_window=&#8220;off&#8220;]instagram[\/et_pb_social_media_follow_network][\/et_pb_social_media_follow][\/et_pb_column][\/et_pb_row][\/et_pb_section]<\/p>\n","protected":false},"excerpt":{"rendered":"<p>El Salvador Nach pandemiebedingter Pause war es im August 2022 endlich wieder soweit: Die n\u00e4chste Kaffeereise, diesmal nach El Salvador, konnte stattfinden. Ein Land von der Gr\u00f6\u00dfe Nieder\u00f6sterreichs, in dem die Mordrate 2015 noch 18 Morde pro Tag betrug und in dem gerade Ausnahmezustand herrscht. Ein Land, in dem der Pr\u00e4sident Bitcoin als offzielle Landesw\u00e4hrung [&hellip;]<\/p>\n","protected":false},"author":1,"featured_media":0,"parent":0,"menu_order":0,"comment_status":"closed","ping_status":"closed","template":"","meta":{"_et_pb_use_builder":"on","_et_pb_old_content":"","_et_gb_content_width":"","footnotes":""},"class_list":["post-4945","page","type-page","status-publish","hentry"],"_links":{"self":[{"href":"https:\/\/www.22beans.at\/index.php?rest_route=\/wp\/v2\/pages\/4945","targetHints":{"allow":["GET"]}}],"collection":[{"href":"https:\/\/www.22beans.at\/index.php?rest_route=\/wp\/v2\/pages"}],"about":[{"href":"https:\/\/www.22beans.at\/index.php?rest_route=\/wp\/v2\/types\/page"}],"author":[{"embeddable":true,"href":"https:\/\/www.22beans.at\/index.php?rest_route=\/wp\/v2\/users\/1"}],"replies":[{"embeddable":true,"href":"https:\/\/www.22beans.at\/index.php?rest_route=%2Fwp%2Fv2%2Fcomments&post=4945"}],"version-history":[{"count":5,"href":"https:\/\/www.22beans.at\/index.php?rest_route=\/wp\/v2\/pages\/4945\/revisions"}],"predecessor-version":[{"id":5074,"href":"https:\/\/www.22beans.at\/index.php?rest_route=\/wp\/v2\/pages\/4945\/revisions\/5074"}],"wp:attachment":[{"href":"https:\/\/www.22beans.at\/index.php?rest_route=%2Fwp%2Fv2%2Fmedia&parent=4945"}],"curies":[{"name":"wp","href":"https:\/\/api.w.org\/{rel}","templated":true}]}}