{"id":4251,"date":"2020-04-19T21:06:17","date_gmt":"2020-04-19T19:06:17","guid":{"rendered":"https:\/\/www.22beans.at\/?page_id=4251"},"modified":"2020-04-22T21:26:30","modified_gmt":"2020-04-22T19:26:30","slug":"origin-trip-ethiopia","status":"publish","type":"page","link":"https:\/\/www.22beans.at\/?page_id=4251","title":{"rendered":"Origin Trip Ethiopia"},"content":{"rendered":"<p>[et_pb_section fb_built=&#8220;1&#8243; _builder_version=&#8220;4.4.3&#8243; background_image=&#8220;https:\/\/www.22beans.at\/wp-content\/uploads\/2020\/04\/bgt_et.jpg&#8220; parallax_method=&#8220;off&#8220;][et_pb_row _builder_version=&#8220;4.4.2&#8243; min_height=&#8220;98px&#8220;][et_pb_column type=&#8220;4_4&#8243; _builder_version=&#8220;4.4.2&#8243;][et_pb_text _builder_version=&#8220;4.4.2&#8243;]<\/p>\n<h1><span style=\"color: #5800de;\">Die Reise an den Rand der Welt und das Herz der \u00e4thiopischen Kaffeeproduktion<em><\/em><br \/> <\/span><\/h1>\n<p>Im Oktober\u00a0 2019 hatten wir die einmalige Gelegenheit, \u00fcber Vermittlung von <a href=\"https:\/\/nordicapproach.no\/\">Nordic Approach<\/a> Alexander Lenouvel Hansen von <a href=\"http:\/\/tropiq.no\/\">Tropiq<\/a> bei der Arbeit in Yirgacheffe, einem der besten Kaffeeanbaugebiete \u00c4thiopiens, zu begleiten. Aus dieser Region kommt der Rohkaffee f\u00fcr <a href=\"https:\/\/www.22beans.at\/?product=the-edge\"><em>The Edge<\/em><\/a>.<\/p>\n<p>[\/et_pb_text][\/et_pb_column][\/et_pb_row][et_pb_row column_structure=&#8220;2_5,3_5&#8243; _builder_version=&#8220;4.4.2&#8243;][et_pb_column type=&#8220;2_5&#8243; _builder_version=&#8220;4.4.2&#8243;][et_pb_text _builder_version=&#8220;4.4.3&#8243;]<\/p>\n<h1>Die Ankunft in Addis Ababa<\/h1>\n<p>Keine andere Reise hat uns so bewegt und beeindruckt wie die nach \u00c4thiopien. Schon die Ankunft In Addis Ababa war ausserordentlich. Erste Aufgabe: finde deinen Fahrer unter den Menschen, die vor dem internationalen Terminal auf Ankommende warten. Einzige Information: sein Name ist Elias.<\/p>\n<p>[\/et_pb_text][\/et_pb_column][et_pb_column type=&#8220;3_5&#8243; _builder_version=&#8220;4.4.2&#8243;][et_pb_image src=&#8220;https:\/\/www.22beans.at\/wp-content\/uploads\/2020\/04\/IMG_20191021_074806-scaled.jpg&#8220; _builder_version=&#8220;4.4.3&#8243;][\/et_pb_image][\/et_pb_column][\/et_pb_row][et_pb_row column_structure=&#8220;3_5,2_5&#8243; _builder_version=&#8220;4.4.3&#8243;][et_pb_column type=&#8220;3_5&#8243; _builder_version=&#8220;4.4.3&#8243;][et_pb_image src=&#8220;https:\/\/www.22beans.at\/wp-content\/uploads\/2020\/04\/IMG_20191021_134406-scaled.jpg&#8220; _builder_version=&#8220;4.4.3&#8243;][\/et_pb_image][\/et_pb_column][et_pb_column type=&#8220;2_5&#8243; _builder_version=&#8220;4.4.3&#8243;][et_pb_text _builder_version=&#8220;4.4.3&#8243;]<\/p>\n<h1>On the road<\/h1>\n<p>Elias hat uns eine Woche als Fahrer, \u00dcbersetzer, Kulturvermittler, kulinarischer Berater und, in diesem Bild, als Eink\u00e4ufer begleitet. Hier verhandelt er den Bananenpreis. Anfahren und wieder anhalten halbiert den Preis drei mal in Folge.<\/p>\n<p>[\/et_pb_text][\/et_pb_column][\/et_pb_row][et_pb_row column_structure=&#8220;2_5,3_5&#8243; _builder_version=&#8220;4.4.3&#8243;][et_pb_column type=&#8220;2_5&#8243; _builder_version=&#8220;4.4.3&#8243;][et_pb_text _builder_version=&#8220;4.4.3&#8243;]<\/p>\n<h1>Verkehr in \u00c4thiopien<\/h1>\n<p>Wenn ein LKW unterwegs ist, dann muss sich das auch auszahlen.<\/p>\n<p>Die Verkehrsregeln sind einfach: Der St\u00e4rkere hat Vorfahrt. Die Hupe dient der Durchsetzung dieser Regel.<\/p>\n<p>[\/et_pb_text][et_pb_image src=&#8220;https:\/\/www.22beans.at\/wp-content\/uploads\/2020\/04\/IMG_20191021_120716-scaled.jpg&#8220; _builder_version=&#8220;4.4.3&#8243;][\/et_pb_image][\/et_pb_column][et_pb_column type=&#8220;3_5&#8243; _builder_version=&#8220;4.4.3&#8243;][et_pb_image src=&#8220;https:\/\/www.22beans.at\/wp-content\/uploads\/2020\/04\/IMG_20191021_091423-scaled.jpg&#8220; _builder_version=&#8220;4.4.3&#8243;][\/et_pb_image][\/et_pb_column][\/et_pb_row][et_pb_row column_structure=&#8220;3_5,2_5&#8243; _builder_version=&#8220;4.4.3&#8243;][et_pb_column type=&#8220;3_5&#8243; _builder_version=&#8220;4.4.3&#8243;][et_pb_image src=&#8220;https:\/\/www.22beans.at\/wp-content\/uploads\/2020\/04\/IMG_20191022_110554-scaled.jpg&#8220; _builder_version=&#8220;4.4.3&#8243;][\/et_pb_image][\/et_pb_column][et_pb_column type=&#8220;2_5&#8243; _builder_version=&#8220;4.4.3&#8243;][et_pb_text _builder_version=&#8220;4.4.3&#8243;]<\/p>\n<h1>Stra\u00dfen abseits der Highways<\/h1>\n<p>Der Zustand der Strassen In \u00c4thiopien fordert Fahrer und Material. Das war die dritte Reifenpanne an zwei Fahrzeugen an diesem Tag, die Elias behebt. Die Hilfsbereitschaft ist unglaublich gro\u00df: Als wir nach stundenlanger Fahrt durch scheinbar unbewohntes Gebiet in einem Schlammloch stecken blieben, tauchen innerhalb weniger Augenblicke helfende Menschen auf.<\/p>\n<p>[\/et_pb_text][et_pb_image src=&#8220;https:\/\/www.22beans.at\/wp-content\/uploads\/2020\/04\/IMG_20191022_123329-scaled.jpg&#8220; _builder_version=&#8220;4.4.3&#8243;][\/et_pb_image][\/et_pb_column][\/et_pb_row][et_pb_row column_structure=&#8220;1_2,1_2&#8243; _builder_version=&#8220;4.4.3&#8243;][et_pb_column type=&#8220;1_2&#8243; _builder_version=&#8220;4.4.3&#8243;][et_pb_text _builder_version=&#8220;4.4.3&#8243;]<\/p>\n<h1>Kaffeeproduktion in \u00c4thiopien<\/h1>\n<p>Alexander Lenouvel Hansen arbeitet f\u00fcr <a href=\"tropiq.no\">Tropiq<\/a>, ein Unternehmen, dass sich auf den Einkauf von Rohkaffee in den Herkunftsl\u00e4ndern spezialisiert hat. Er hat uns mehrere Tage die Kaffeeproduktion in \u00c4thiopien n\u00e4her gebracht und uns vielen Kaffeeproduzenten der Region Yirgacheffe vorgestellt.<\/p>\n<p>[\/et_pb_text][et_pb_image src=&#8220;https:\/\/www.22beans.at\/wp-content\/uploads\/2020\/04\/IMG_20191023_123851-scaled.jpg&#8220; _builder_version=&#8220;4.4.3&#8243;][\/et_pb_image][\/et_pb_column][et_pb_column type=&#8220;1_2&#8243; _builder_version=&#8220;4.4.3&#8243;][et_pb_image src=&#8220;https:\/\/www.22beans.at\/wp-content\/uploads\/2020\/04\/IMG_20191022_135518-scaled.jpg&#8220; _builder_version=&#8220;4.4.3&#8243;][\/et_pb_image][\/et_pb_column][\/et_pb_row][et_pb_row column_structure=&#8220;1_2,1_2&#8243; _builder_version=&#8220;4.4.3&#8243;][et_pb_column type=&#8220;1_2&#8243; _builder_version=&#8220;4.4.3&#8243;][et_pb_text _builder_version=&#8220;4.4.3&#8243;]<\/p>\n<h1>African Raised Beds<\/h1>\n<p>Angebaut und geerntet wird von hunderten Kleinstbauern, die ihre Ernte dann an Coffee Stations wie diese verkaufen. Hier wird der Kaffee aufbereitet und auf diesen Tischen gewendet, aussortiert und getrocknet, bevor er als <em>Parchment Coffee<\/em> nach Addis Abeba in die Dry Mill transportiert wird.<\/p>\n<p>[\/et_pb_text][\/et_pb_column][et_pb_column type=&#8220;1_2&#8243; _builder_version=&#8220;4.4.3&#8243;][et_pb_image src=&#8220;https:\/\/www.22beans.at\/wp-content\/uploads\/2020\/04\/IMG_20191023_101556-scaled-e1587583207275.jpg&#8220; _builder_version=&#8220;4.4.3&#8243; hover_enabled=&#8220;0&#8243;][\/et_pb_image][\/et_pb_column][\/et_pb_row][et_pb_row column_structure=&#8220;3_5,2_5&#8243; _builder_version=&#8220;4.4.3&#8243;][et_pb_column type=&#8220;3_5&#8243; _builder_version=&#8220;4.4.3&#8243;][et_pb_image src=&#8220;https:\/\/www.22beans.at\/wp-content\/uploads\/2020\/04\/IMG_20191023_095005-scaled.jpg&#8220; _builder_version=&#8220;4.4.3&#8243;][\/et_pb_image][\/et_pb_column][et_pb_column type=&#8220;2_5&#8243; _builder_version=&#8220;4.4.3&#8243;][et_pb_text _builder_version=&#8220;4.4.3&#8243;]<\/p>\n<h1>Robuste Technik und Sauberkeit<\/h1>\n<p>Die zur Aufbereitung verwendeten Maschinen sind einfach, aber sehr robust. Alex pr\u00fcft bei seinem Pre-Harvest-Visit deren Zustand und den der Fermentationsbecken. Beides ist essentiell f\u00fcr die Produktion von Kaffee\u00a0 ausserordentlicher Qualit\u00e4t.<\/p>\n<p>[\/et_pb_text][et_pb_image src=&#8220;https:\/\/www.22beans.at\/wp-content\/uploads\/2020\/04\/IMG_20191023_094717-scaled.jpg&#8220; _builder_version=&#8220;4.4.3&#8243;][\/et_pb_image][\/et_pb_column][\/et_pb_row][et_pb_row column_structure=&#8220;3_4,1_4&#8243; _builder_version=&#8220;4.4.3&#8243;][et_pb_column type=&#8220;3_4&#8243; _builder_version=&#8220;4.4.3&#8243;][et_pb_image src=&#8220;https:\/\/www.22beans.at\/wp-content\/uploads\/2020\/04\/IMG_20191024_123707-scaled.jpg&#8220; _builder_version=&#8220;4.4.3&#8243;][\/et_pb_image][\/et_pb_column][et_pb_column type=&#8220;1_4&#8243; _builder_version=&#8220;4.4.3&#8243;][et_pb_text _builder_version=&#8220;4.4.3&#8243; hover_enabled=&#8220;0&#8243;]<\/p>\n<h1>Ein Kaffeebauer und seine Familie<\/h1>\n<p>Ja, die wohnen alle in diesem Haus. Dank der Einnahmen durch Kaffee besuchen viele der Kinder auch eine Schule und nehmen daf\u00fcr einen mehrst\u00fcndigen Schulweg in Kauf.<\/p>\n<p>Generell ist die Anzahl der Kinder im Vergleich zu Europa unglaublich gro\u00df. Viele tragen Wasser oder Brennholz, oder verdienen Geld durch Autowaschen.<\/p>\n<p>[\/et_pb_text][\/et_pb_column][\/et_pb_row][et_pb_row column_structure=&#8220;2_5,3_5&#8243; _builder_version=&#8220;4.4.3&#8243;][et_pb_column type=&#8220;2_5&#8243; _builder_version=&#8220;4.4.3&#8243;][et_pb_text _builder_version=&#8220;4.4.3&#8243;]<\/p>\n<h1>Kaffeeanbau in Mischkultur<\/h1>\n<p>Kaffee w\u00e4chst in \u00c4thiopien nat\u00fcrlich in\u00a0 den W\u00e4ldern des Hochlands bis knapp 3000m Seeh\u00f6he. Kunstd\u00fcnger und Pestizide sind in diesem nat\u00fcrlichen Habitat nicht notwendig und k\u00f6nnen sich die Bauern auch gar nicht leisten.<\/p>\n<p>Die Anzahl unterschiedlicher Variet\u00e4ten von Coffea arabica ist gro\u00df. Besonders begehrt sind in dieser Region Kaffeepflanzen, deren Fr\u00fcchte einen Bl\u00fctenr\u00fcckstand aufweisen.<\/p>\n<p>[\/et_pb_text][et_pb_image src=&#8220;https:\/\/www.22beans.at\/wp-content\/uploads\/2020\/04\/IMG_20191022_132855-scaled.jpg&#8220; _builder_version=&#8220;4.4.3&#8243;][\/et_pb_image][\/et_pb_column][et_pb_column type=&#8220;3_5&#8243; _builder_version=&#8220;4.4.3&#8243;][et_pb_image src=&#8220;https:\/\/www.22beans.at\/wp-content\/uploads\/2020\/04\/IMG_20191022_132644-scaled.jpg&#8220; _builder_version=&#8220;4.4.3&#8243;][\/et_pb_image][\/et_pb_column][\/et_pb_row][et_pb_row column_structure=&#8220;1_5,3_5,1_5&#8243; _builder_version=&#8220;4.4.3&#8243;][et_pb_column type=&#8220;1_5&#8243; _builder_version=&#8220;4.4.3&#8243;][\/et_pb_column][et_pb_column type=&#8220;3_5&#8243; _builder_version=&#8220;4.4.3&#8243;][et_pb_text _builder_version=&#8220;4.4.3&#8243; width=&#8220;100%&#8220;]<\/p>\n<p>Wir m\u00f6chten uns bei dieser Gelegenheit nochmals ganz herzlich bei Alexander Lenouvel Hansen f\u00fcr die M\u00f6glichkeit bedanken, in so kurzer Zeit so viel \u00fcber Anbau und Aufbereitung von Kaffee in \u00c4thiopien erfahren und so viele gastfreundliche Menschen kennengelernt zu haben. Alles Gute f\u00fcr die Zukunft!<\/p>\n<p>[\/et_pb_text][\/et_pb_column][et_pb_column type=&#8220;1_5&#8243; _builder_version=&#8220;4.4.3&#8243;][et_pb_social_media_follow url_new_window=&#8220;off&#8220; admin_label=&#8220;Social Media Follow&#8220; _builder_version=&#8220;4.4.2&#8243; custom_css_main_element=&#8220;float:right;&#8220; border_radii=&#8220;on|100%|100%|100%|100%&#8220; link_shape=&#8220;circle&#8220;][et_pb_social_media_follow_network social_network=&#8220;facebook&#8220; url=&#8220;http:\/\/fb.com\/n22beans&#8220; _builder_version=&#8220;4.4.2&#8243; background_color=&#8220;#3b5998&#8243; bg_color=&#8220;#3b5998&#8243; link_shape=&#8220;circle&#8220; follow_button=&#8220;off&#8220; url_new_window=&#8220;off&#8220;]<\/p>\n<p>facebook<\/p>\n<p>[\/et_pb_social_media_follow_network][et_pb_social_media_follow_network social_network=&#8220;instagram&#8220; url=&#8220;http:\/\/instagram.com\/22beans_coffee&#8220; _builder_version=&#8220;4.4.2&#8243; background_color=&#8220;#ea2c59&#8243; link_shape=&#8220;circle&#8220; follow_button=&#8220;off&#8220; url_new_window=&#8220;off&#8220;]instagram[\/et_pb_social_media_follow_network][\/et_pb_social_media_follow][\/et_pb_column][\/et_pb_row][\/et_pb_section]<\/p>\n","protected":false},"excerpt":{"rendered":"<p>Die Reise an den Rand der Welt und das Herz der \u00e4thiopischen Kaffeeproduktion Im Oktober\u00a0 2019 hatten wir die einmalige Gelegenheit, \u00fcber Vermittlung von Nordic Approach Alexander Lenouvel Hansen von Tropiq bei der Arbeit in Yirgacheffe, einem der besten Kaffeeanbaugebiete \u00c4thiopiens, zu begleiten. Aus dieser Region kommt der Rohkaffee f\u00fcr The Edge.Die Ankunft in Addis [&hellip;]<\/p>\n","protected":false},"author":1,"featured_media":0,"parent":0,"menu_order":0,"comment_status":"closed","ping_status":"closed","template":"","meta":{"_et_pb_use_builder":"on","_et_pb_old_content":"","_et_gb_content_width":"","footnotes":""},"class_list":["post-4251","page","type-page","status-publish","hentry"],"_links":{"self":[{"href":"https:\/\/www.22beans.at\/index.php?rest_route=\/wp\/v2\/pages\/4251","targetHints":{"allow":["GET"]}}],"collection":[{"href":"https:\/\/www.22beans.at\/index.php?rest_route=\/wp\/v2\/pages"}],"about":[{"href":"https:\/\/www.22beans.at\/index.php?rest_route=\/wp\/v2\/types\/page"}],"author":[{"embeddable":true,"href":"https:\/\/www.22beans.at\/index.php?rest_route=\/wp\/v2\/users\/1"}],"replies":[{"embeddable":true,"href":"https:\/\/www.22beans.at\/index.php?rest_route=%2Fwp%2Fv2%2Fcomments&post=4251"}],"version-history":[{"count":16,"href":"https:\/\/www.22beans.at\/index.php?rest_route=\/wp\/v2\/pages\/4251\/revisions"}],"predecessor-version":[{"id":4414,"href":"https:\/\/www.22beans.at\/index.php?rest_route=\/wp\/v2\/pages\/4251\/revisions\/4414"}],"wp:attachment":[{"href":"https:\/\/www.22beans.at\/index.php?rest_route=%2Fwp%2Fv2%2Fmedia&parent=4251"}],"curies":[{"name":"wp","href":"https:\/\/api.w.org\/{rel}","templated":true}]}}