{"id":4122,"date":"2020-04-18T21:40:31","date_gmt":"2020-04-18T19:40:31","guid":{"rendered":"https:\/\/www.22beans.at\/?page_id=4122"},"modified":"2026-01-25T16:37:34","modified_gmt":"2026-01-25T15:37:34","slug":"specialty-coffee-shop","status":"publish","type":"page","link":"https:\/\/www.22beans.at\/?page_id=4122","title":{"rendered":"Specialty Coffee Shop"},"content":{"rendered":"<p>[et_pb_section fb_built=&#8220;1&#8243; _builder_version=&#8220;4.16&#8243; global_colors_info=&#8220;{}&#8220;][et_pb_row column_structure=&#8220;2_5,3_5&#8243; _builder_version=&#8220;4.16&#8243; global_colors_info=&#8220;{}&#8220;][et_pb_column type=&#8220;2_5&#8243; _builder_version=&#8220;4.16&#8243; global_colors_info=&#8220;{}&#8220;][et_pb_text _builder_version=&#8220;4.18.0&#8243; global_colors_info=&#8220;{}&#8220;]<\/p>\n<h1>Der Specialty Coffee Shop<\/h1>\n<p>Seit 2016 betreiben wir einen kleinen, aber feinen Coffee Shop im Herzen Wiener Neustadts.<\/p>\n<p>&nbsp;<\/p>\n<h2>Unsere \u00d6ffnungszeiten:<\/h2>\n<ul>\n<li>Mittwoch bis Freitag <br \/>von 10 bis 13 Uhr und 14 bis 17 Uhr<\/li>\n<li>Samstag von 10 bis 14 Uhr\u00a0<\/li>\n<li>Montag und Dienstag sind unsere R\u00f6sttage, darum geschlossen.<\/li>\n<\/ul>\n<p>[\/et_pb_text][\/et_pb_column][et_pb_column type=&#8220;3_5&#8243; _builder_version=&#8220;4.16&#8243; global_colors_info=&#8220;{}&#8220;][et_pb_image src=&#8220;https:\/\/www.22beans.at\/wp-content\/uploads\/2022\/09\/web_22Beans21_02.jpg&#8220; title_text=&#8220;web_22Beans21_02&#8243; _builder_version=&#8220;4.18.0&#8243; _module_preset=&#8220;default&#8220; global_colors_info=&#8220;{}&#8220;][\/et_pb_image][\/et_pb_column][\/et_pb_row][et_pb_row column_structure=&#8220;3_5,2_5&#8243; _builder_version=&#8220;4.18.0&#8243; _module_preset=&#8220;default&#8220; global_colors_info=&#8220;{}&#8220;][et_pb_column type=&#8220;3_5&#8243; _builder_version=&#8220;4.18.0&#8243; _module_preset=&#8220;default&#8220; global_colors_info=&#8220;{}&#8220;][et_pb_image src=&#8220;https:\/\/www.22beans.at\/wp-content\/uploads\/2022\/09\/web_22Beans21_04.jpg&#8220; title_text=&#8220;web_22Beans21_04&#8243; _builder_version=&#8220;4.18.0&#8243; _module_preset=&#8220;default&#8220; global_colors_info=&#8220;{}&#8220;][\/et_pb_image][\/et_pb_column][et_pb_column type=&#8220;2_5&#8243; _builder_version=&#8220;4.18.0&#8243; _module_preset=&#8220;default&#8220; global_colors_info=&#8220;{}&#8220;][et_pb_text _builder_version=&#8220;4.18.0&#8243; _module_preset=&#8220;default&#8220; global_colors_info=&#8220;{}&#8220;]<\/p>\n<h1>Espresso<\/h1>\n<p>Es gibt immer zwei verschiedene Kaffees aus unserer <a href=\"https:\/\/international.lamarzocco.com\/en\/machine\/linea-pb\/\">La Marzocco Linea PB<\/a> Siebtr\u00e4germaschine.<\/p>\n<ul>\n<li>Einen s\u00e4urearmen, kr\u00e4ftigen urban-klassisch ger\u00f6steten <em>City Roast.<\/em><em><br \/><\/em><\/li>\n<li>Einen fruchtigen, leichter angelegten, <em>Light Roast.<\/em><br \/>F\u00fcr G\u00e4ste, die sich auf ein Geschmacksabenteuer einlassen wollen.<\/li>\n<\/ul>\n<p>[\/et_pb_text][\/et_pb_column][\/et_pb_row][et_pb_row column_structure=&#8220;2_5,3_5&#8243; _builder_version=&#8220;4.18.0&#8243; _module_preset=&#8220;default&#8220; global_colors_info=&#8220;{}&#8220;][et_pb_column type=&#8220;2_5&#8243; _builder_version=&#8220;4.18.0&#8243; _module_preset=&#8220;default&#8220; global_colors_info=&#8220;{}&#8220;][et_pb_text _builder_version=&#8220;4.18.0&#8243; _module_preset=&#8220;default&#8220; global_colors_info=&#8220;{}&#8220;]<\/p>\n<h1>Handfilter<\/h1>\n<p>Alternativ wird auf Wunsch praktisch jeder Kaffee, der lagernd ist, als <em>Pour Over<\/em> in der Chemex oder als Aeropress zubereitet.<\/p>\n<h1><\/h1>\n<p>[\/et_pb_text][\/et_pb_column][et_pb_column type=&#8220;3_5&#8243; _builder_version=&#8220;4.18.0&#8243; _module_preset=&#8220;default&#8220; global_colors_info=&#8220;{}&#8220;][et_pb_image src=&#8220;https:\/\/www.22beans.at\/wp-content\/uploads\/2022\/09\/web_22Beans21_12.jpg&#8220; title_text=&#8220;web_22Beans21_12&#8243; _builder_version=&#8220;4.18.0&#8243; _module_preset=&#8220;default&#8220; global_colors_info=&#8220;{}&#8220;][\/et_pb_image][\/et_pb_column][\/et_pb_row][et_pb_row column_structure=&#8220;2_5,3_5&#8243; _builder_version=&#8220;4.16&#8243; global_colors_info=&#8220;{}&#8220;][et_pb_column type=&#8220;2_5&#8243; _builder_version=&#8220;4.16&#8243; global_colors_info=&#8220;{}&#8220;][\/et_pb_column][et_pb_column type=&#8220;3_5&#8243; _builder_version=&#8220;4.16&#8243; global_colors_info=&#8220;{}&#8220;][et_pb_social_media_follow url_new_window=&#8220;off&#8220; admin_label=&#8220;Social Media Follow&#8220; _builder_version=&#8220;4.16&#8243; custom_css_main_element=&#8220;float:right;&#8220; border_radii=&#8220;on|100%|100%|100%|100%&#8220; link_shape=&#8220;circle&#8220; global_colors_info=&#8220;{}&#8220;][et_pb_social_media_follow_network social_network=&#8220;facebook&#8220; url=&#8220;http:\/\/fb.com\/n22beans&#8220; _builder_version=&#8220;4.16&#8243; background_color=&#8220;#3b5998&#8243; bg_color=&#8220;#3b5998&#8243; global_colors_info=&#8220;{}&#8220; follow_button=&#8220;off&#8220; url_new_window=&#8220;off&#8220;]<\/p>\n<p>facebook<\/p>\n<p>[\/et_pb_social_media_follow_network][et_pb_social_media_follow_network social_network=&#8220;instagram&#8220; url=&#8220;http:\/\/instagram.com\/22beans_coffee&#8220; _builder_version=&#8220;4.16&#8243; background_color=&#8220;#ea2c59&#8243; global_colors_info=&#8220;{}&#8220; follow_button=&#8220;off&#8220; url_new_window=&#8220;off&#8220;]instagram[\/et_pb_social_media_follow_network][\/et_pb_social_media_follow][\/et_pb_column][\/et_pb_row][\/et_pb_section]<\/p>\n","protected":false},"excerpt":{"rendered":"<p>Der Specialty Coffee Shop Seit 2016 betreiben wir einen kleinen, aber feinen Coffee Shop im Herzen Wiener Neustadts. &nbsp; Unsere \u00d6ffnungszeiten: Mittwoch bis Freitag von 10 bis 13 Uhr und 14 bis 17 Uhr Samstag von 10 bis 14 Uhr\u00a0 Montag und Dienstag sind unsere R\u00f6sttage, darum geschlossen. Espresso Es gibt immer zwei verschiedene Kaffees [&hellip;]<\/p>\n","protected":false},"author":1,"featured_media":0,"parent":0,"menu_order":0,"comment_status":"closed","ping_status":"closed","template":"","meta":{"_et_pb_use_builder":"on","_et_pb_old_content":"","_et_gb_content_width":"","footnotes":""},"class_list":["post-4122","page","type-page","status-publish","hentry"],"_links":{"self":[{"href":"https:\/\/www.22beans.at\/index.php?rest_route=\/wp\/v2\/pages\/4122","targetHints":{"allow":["GET"]}}],"collection":[{"href":"https:\/\/www.22beans.at\/index.php?rest_route=\/wp\/v2\/pages"}],"about":[{"href":"https:\/\/www.22beans.at\/index.php?rest_route=\/wp\/v2\/types\/page"}],"author":[{"embeddable":true,"href":"https:\/\/www.22beans.at\/index.php?rest_route=\/wp\/v2\/users\/1"}],"replies":[{"embeddable":true,"href":"https:\/\/www.22beans.at\/index.php?rest_route=%2Fwp%2Fv2%2Fcomments&post=4122"}],"version-history":[{"count":34,"href":"https:\/\/www.22beans.at\/index.php?rest_route=\/wp\/v2\/pages\/4122\/revisions"}],"predecessor-version":[{"id":5525,"href":"https:\/\/www.22beans.at\/index.php?rest_route=\/wp\/v2\/pages\/4122\/revisions\/5525"}],"wp:attachment":[{"href":"https:\/\/www.22beans.at\/index.php?rest_route=%2Fwp%2Fv2%2Fmedia&parent=4122"}],"curies":[{"name":"wp","href":"https:\/\/api.w.org\/{rel}","templated":true}]}}